{"id":101897,"date":"2023-10-23T17:00:33","date_gmt":"2023-10-23T15:00:33","guid":{"rendered":"https:\/\/cibtestawsls.cib.de\/?page_id=101897"},"modified":"2024-01-22T16:56:07","modified_gmt":"2024-01-22T15:56:07","slug":"accessibility-form","status":"publish","type":"page","link":"https:\/\/cibtestawsls.cib.de\/en\/accessibility-form\/","title":{"rendered":"Barrierefreiheit form"},"content":{"rendered":"<div data-elementor-type=\"wp-page\" data-elementor-id=\"101897\" class=\"elementor elementor-101897\" data-elementor-post-type=\"page\">\n\t\t\t\t\t\t<section class=\"elementor-section elementor-top-section elementor-element elementor-element-7d2c86f elementor-section-boxed elementor-section-height-default elementor-section-height-default\" data-id=\"7d2c86f\" data-element_type=\"section\" data-settings=\"{&quot;background_background&quot;:&quot;classic&quot;}\">\n\t\t\t\t\t\t<div class=\"elementor-container elementor-column-gap-default\">\n\t\t\t\t\t<div class=\"elementor-column elementor-col-50 elementor-top-column elementor-element elementor-element-c850d13\" data-id=\"c850d13\" data-element_type=\"column\">\n\t\t\t<div class=\"elementor-widget-wrap elementor-element-populated\">\n\t\t\t\t\t\t<div class=\"elementor-element elementor-element-2debad3 elementor-widget elementor-widget-heading\" data-id=\"2debad3\" data-element_type=\"widget\" data-widget_type=\"heading.default\">\n\t\t\t\t<div class=\"elementor-widget-container\">\n\t\t\t\t\t<h2 class=\"elementor-heading-title elementor-size-default\">Have you encountered any barriers? <\/h2>\t\t\t\t<\/div>\n\t\t\t\t<\/div>\n\t\t\t\t<div class=\"elementor-element elementor-element-36d207a elementor-widget elementor-widget-text-editor\" data-id=\"36d207a\" data-element_type=\"widget\" data-widget_type=\"text-editor.default\">\n\t\t\t\t<div class=\"elementor-widget-container\">\n\t\t\t\t\t\t\t\t\t<p style=\"text-align: left;\">Have you encountered accessibility problems when using our website and would like to let us know or receive information about accessibility?<\/p><p style=\"text-align: left;\">Please use the form on this page to send us your feedback.<\/p>\t\t\t\t\t\t\t\t<\/div>\n\t\t\t\t<\/div>\n\t\t\t\t<div class=\"elementor-element elementor-element-b1868f5 elementor-hidden-mobile elementor-widget elementor-widget-image\" data-id=\"b1868f5\" data-element_type=\"widget\" data-widget_type=\"image.default\">\n\t\t\t\t<div class=\"elementor-widget-container\">\n\t\t\t\t\t\t\t\t\t\t\t\t\t\t\t<img fetchpriority=\"high\" decoding=\"async\" width=\"750\" height=\"1024\" src=\"https:\/\/cibtestawsls.cib.de\/wp-content\/uploads\/2022\/02\/Contact-page-illustration_CIB-Group-adapted-750x1024.png\" class=\"attachment-large size-large wp-image-30325\" alt=\"\" srcset=\"https:\/\/cibtestawsls.cib.de\/wp-content\/uploads\/2022\/02\/Contact-page-illustration_CIB-Group-adapted-750x1024.png 750w, https:\/\/cibtestawsls.cib.de\/wp-content\/uploads\/2022\/02\/Contact-page-illustration_CIB-Group-adapted-220x300.png 220w, https:\/\/cibtestawsls.cib.de\/wp-content\/uploads\/2022\/02\/Contact-page-illustration_CIB-Group-adapted-768x1049.png 768w, https:\/\/cibtestawsls.cib.de\/wp-content\/uploads\/2022\/02\/Contact-page-illustration_CIB-Group-adapted-1125x1536.png 1125w, https:\/\/cibtestawsls.cib.de\/wp-content\/uploads\/2022\/02\/Contact-page-illustration_CIB-Group-adapted-1500x2048.png 1500w, https:\/\/cibtestawsls.cib.de\/wp-content\/uploads\/2022\/02\/Contact-page-illustration_CIB-Group-adapted-e1768317437220.png 900w\" sizes=\"(max-width: 750px) 100vw, 750px\" \/>\t\t\t\t\t\t\t\t\t\t\t\t\t\t\t<\/div>\n\t\t\t\t<\/div>\n\t\t\t\t\t<\/div>\n\t\t<\/div>\n\t\t\t\t<div class=\"elementor-column elementor-col-50 elementor-top-column elementor-element elementor-element-ea2ce6d\" data-id=\"ea2ce6d\" data-element_type=\"column\">\n\t\t\t<div class=\"elementor-widget-wrap elementor-element-populated\">\n\t\t\t\t\t\t<div class=\"elementor-element elementor-element-0d6a17e elementor-widget elementor-widget-wp-widget-forminator_widget\" data-id=\"0d6a17e\" data-element_type=\"widget\" data-widget_type=\"wp-widget-forminator_widget.default\">\n\t\t\t\t<div class=\"elementor-widget-container\">\n\t\t\t\t\t<form id=\"forminator-module-101794\" class=\"forminator-custom-form forminator-custom-form-101794\" method=\"post\" data-forminator-render=\"0\" data-uid=\"69d03696d2a3a\" action=\"\"><div role=\"alert\" aria-live=\"polite\" class=\"forminator-response-message forminator-error\" aria-hidden=\"true\"><\/div><input type=\"hidden\" name=\"trp-form-language\" value=\"en\"\/><\/form>\t\t\t\t<\/div>\n\t\t\t\t<\/div>\n\t\t\t\t\t<\/div>\n\t\t<\/div>\n\t\t\t\t\t<\/div>\n\t\t<\/section>\n\t\t\t\t<section class=\"elementor-section elementor-top-section elementor-element elementor-element-8fff391 elementor-section-full_width elementor-section-height-default elementor-section-height-default\" data-id=\"8fff391\" data-element_type=\"section\">\n\t\t\t\t\t\t<div class=\"elementor-container elementor-column-gap-no\">\n\t\t\t\t\t<div class=\"elementor-column elementor-col-100 elementor-top-column elementor-element elementor-element-a8c030e\" data-id=\"a8c030e\" data-element_type=\"column\">\n\t\t\t<div class=\"elementor-widget-wrap elementor-element-populated\">\n\t\t\t\t\t\t<div class=\"elementor-element elementor-element-2dba7a1 elementor-widget elementor-widget-template\" data-id=\"2dba7a1\" data-element_type=\"widget\" data-widget_type=\"template.default\">\n\t\t\t\t<div class=\"elementor-widget-container\">\n\t\t\t\t\t\t\t<div class=\"elementor-template\">\n\t\t\t\t\t<div data-elementor-type=\"section\" data-elementor-id=\"90279\" class=\"elementor elementor-90279\" data-elementor-post-type=\"elementor_library\">\n\t\t\t\t\t<section class=\"elementor-section elementor-top-section elementor-element elementor-element-c33139d elementor-section-full_width elementor-section-height-default elementor-section-height-default\" data-id=\"c33139d\" data-element_type=\"section\" data-settings=\"{&quot;background_background&quot;:&quot;classic&quot;}\">\n\t\t\t\t\t\t\t<div class=\"elementor-background-overlay\"><\/div>\n\t\t\t\t\t\t\t<div class=\"elementor-container elementor-column-gap-no\">\n\t\t\t\t\t<div class=\"elementor-column elementor-col-100 elementor-top-column elementor-element elementor-element-2f5342e\" data-id=\"2f5342e\" data-element_type=\"column\">\n\t\t\t<div class=\"elementor-widget-wrap elementor-element-populated\">\n\t\t\t\t\t\t<div class=\"elementor-element elementor-element-83a550d elementor-widget elementor-widget-heading\" data-id=\"83a550d\" data-element_type=\"widget\" data-widget_type=\"heading.default\">\n\t\t\t\t<div class=\"elementor-widget-container\">\n\t\t\t\t\t<h2 class=\"elementor-heading-title elementor-size-default\">Accessible and AI-supported automation!<\/h2>\t\t\t\t<\/div>\n\t\t\t\t<\/div>\n\t\t\t\t<div class=\"elementor-element elementor-element-e04dd29 elementor-align-center elementor-widget elementor-widget-button\" data-id=\"e04dd29\" data-element_type=\"widget\" data-widget_type=\"button.default\">\n\t\t\t\t<div class=\"elementor-widget-container\">\n\t\t\t\t\t\t\t\t\t<div class=\"elementor-button-wrapper\">\n\t\t\t\t\t<a class=\"elementor-button elementor-button-link elementor-size-sm\" href=\"\/en\/contact\/\" id=\"expertise-services-de\">\n\t\t\t\t\t\t<span class=\"elementor-button-content-wrapper\">\n\t\t\t\t\t\t<span class=\"elementor-button-icon\">\n\t\t\t\t<svg aria-hidden=\"true\" class=\"e-font-icon-svg e-fas-arrow-right\" viewbox=\"0 0 448 512\" xmlns=\"http:\/\/www.w3.org\/2000\/svg\"><path d=\"M190.5 66.9l22.2-22.2c9.4-9.4 24.6-9.4 33.9 0L441 239c9.4 9.4 9.4 24.6 0 33.9L246.6 467.3c-9.4 9.4-24.6 9.4-33.9 0l-22.2-22.2c-9.5-9.5-9.3-25 .4-34.3L311.4 296H24c-13.3 0-24-10.7-24-24v-32c0-13.3 10.7-24 24-24h287.4L190.9 101.2c-9.8-9.3-10-24.8-.4-34.3z\"><\/path><\/svg>\t\t\t<\/span>\n\t\t\t\t\t\t\t\t\t<span class=\"elementor-button-text\">Contact now<\/span>\n\t\t\t\t\t<\/span>\n\t\t\t\t\t<\/a>\n\t\t\t\t<\/div>\n\t\t\t\t\t\t\t\t<\/div>\n\t\t\t\t<\/div>\n\t\t\t\t\t<\/div>\n\t\t<\/div>\n\t\t\t\t\t<\/div>\n\t\t<\/section>\n\t\t\t\t<\/div>\n\t\t\t\t<\/div>\n\t\t\t\t\t\t<\/div>\n\t\t\t\t<\/div>\n\t\t\t\t\t<\/div>\n\t\t<\/div>\n\t\t\t\t\t<\/div>\n\t\t<\/section>\n\t\t\t\t<\/div>","protected":false},"excerpt":{"rendered":"<p>Auf Barrieren gesto\u00dfen? Sind Sie bei der Nutzung unserer Website auf Barrieren gesto\u00dfen und m\u00f6chten diese melden oder Informationen zur Umsetzung der Barrierefreiheit erhalten? Bitte verwenden Sie f\u00fcr Ihr Feedback das Formular auf dieser Seite.<\/p>","protected":false},"author":246,"featured_media":0,"parent":0,"menu_order":0,"comment_status":"closed","ping_status":"closed","template":"","meta":{"_acf_changed":false,"footnotes":""},"categories":[2278],"class_list":{"0":"post-101897","1":"page","2":"type-page","3":"status-publish","5":"category-form-lp"},"acf":[],"yoast_head":"<!-- This site is optimized with the Yoast SEO plugin v27.3 - https:\/\/yoast.com\/product\/yoast-seo-wordpress\/ -->\n<title>Barrierefreiheit form - Ihre Anfrage<\/title>\n<meta name=\"description\" content=\"CIB pdf brewer Developer Edition - Mit allen g\u00e4ngigen PDF Bearbeitungsfunktionen, Druckserver und API. Vielen Dank f\u00fcr Ihr Interesse!\" \/>\n<meta name=\"robots\" content=\"noindex, follow, max-snippet:-1, max-image-preview:large, max-video-preview:-1\" \/>\n<meta property=\"og:locale\" content=\"en_GB\" \/>\n<meta property=\"og:type\" content=\"article\" \/>\n<meta property=\"og:title\" content=\"Barrierefreiheit form - Ihre Anfrage\" \/>\n<meta property=\"og:description\" content=\"CIB pdf brewer Developer Edition - Mit allen g\u00e4ngigen PDF Bearbeitungsfunktionen, Druckserver und API. Vielen Dank f\u00fcr Ihr Interesse!\" \/>\n<meta property=\"og:url\" content=\"https:\/\/www.cib.de\/barrierefreiheit-form\/\" \/>\n<meta property=\"og:site_name\" content=\"CIB Group\" \/>\n<meta property=\"article:modified_time\" content=\"2024-01-22T15:56:07+00:00\" \/>\n<meta property=\"og:image\" content=\"https:\/\/www.cib.de\/wp-content\/uploads\/2022\/02\/Contact-page-illustration_CIB-Group-adapted-750x1024.png\" \/>\n<meta name=\"twitter:card\" content=\"summary_large_image\" \/>\n<meta name=\"twitter:label1\" content=\"Estimated reading time\" \/>\n\t<meta name=\"twitter:data1\" content=\"1 minute\" \/>\n<script type=\"application\/ld+json\" class=\"yoast-schema-graph\">{\"@context\":\"https:\\\/\\\/schema.org\",\"@graph\":[{\"@type\":\"WebPage\",\"@id\":\"https:\\\/\\\/www.cib.de\\\/barrierefreiheit-form\\\/\",\"url\":\"https:\\\/\\\/www.cib.de\\\/barrierefreiheit-form\\\/\",\"name\":\"Barrierefreiheit form - Ihre Anfrage\",\"isPartOf\":{\"@id\":\"https:\\\/\\\/cibtestawsls.cib.de\\\/#website\"},\"primaryImageOfPage\":{\"@id\":\"https:\\\/\\\/www.cib.de\\\/barrierefreiheit-form\\\/#primaryimage\"},\"image\":{\"@id\":\"https:\\\/\\\/www.cib.de\\\/barrierefreiheit-form\\\/#primaryimage\"},\"thumbnailUrl\":\"https:\\\/\\\/cibtestawsls.cib.de\\\/wp-content\\\/uploads\\\/2022\\\/02\\\/Contact-page-illustration_CIB-Group-adapted-750x1024.png\",\"datePublished\":\"2023-10-23T15:00:33+00:00\",\"dateModified\":\"2024-01-22T15:56:07+00:00\",\"description\":\"CIB pdf brewer Developer Edition - Mit allen g\u00e4ngigen PDF Bearbeitungsfunktionen, Druckserver und API. Vielen Dank f\u00fcr Ihr Interesse!\",\"breadcrumb\":{\"@id\":\"https:\\\/\\\/www.cib.de\\\/barrierefreiheit-form\\\/#breadcrumb\"},\"inLanguage\":\"en-GB\",\"potentialAction\":[{\"@type\":\"ReadAction\",\"target\":[\"https:\\\/\\\/www.cib.de\\\/barrierefreiheit-form\\\/\"]}]},{\"@type\":\"ImageObject\",\"inLanguage\":\"en-GB\",\"@id\":\"https:\\\/\\\/www.cib.de\\\/barrierefreiheit-form\\\/#primaryimage\",\"url\":\"https:\\\/\\\/cibtestawsls.cib.de\\\/wp-content\\\/uploads\\\/2022\\\/02\\\/Contact-page-illustration_CIB-Group-adapted-750x1024.png\",\"contentUrl\":\"https:\\\/\\\/cibtestawsls.cib.de\\\/wp-content\\\/uploads\\\/2022\\\/02\\\/Contact-page-illustration_CIB-Group-adapted-750x1024.png\"},{\"@type\":\"BreadcrumbList\",\"@id\":\"https:\\\/\\\/www.cib.de\\\/barrierefreiheit-form\\\/#breadcrumb\",\"itemListElement\":[{\"@type\":\"ListItem\",\"position\":1,\"name\":\"Home\",\"item\":\"https:\\\/\\\/cibtestawsls.cib.de\\\/\"},{\"@type\":\"ListItem\",\"position\":2,\"name\":\"Barrierefreiheit form\"}]},{\"@type\":\"WebSite\",\"@id\":\"https:\\\/\\\/cibtestawsls.cib.de\\\/#website\",\"url\":\"https:\\\/\\\/cibtestawsls.cib.de\\\/\",\"name\":\"CIB Group\",\"description\":\"Digitalisierung, Prozessautomatisierung, K\u00fcnstliche Intelligenz\",\"potentialAction\":[{\"@type\":\"SearchAction\",\"target\":{\"@type\":\"EntryPoint\",\"urlTemplate\":\"https:\\\/\\\/cibtestawsls.cib.de\\\/?s={search_term_string}\"},\"query-input\":{\"@type\":\"PropertyValueSpecification\",\"valueRequired\":true,\"valueName\":\"search_term_string\"}}],\"inLanguage\":\"en-GB\"}]}<\/script>\n<!-- \/ Yoast SEO plugin. -->","yoast_head_json":{"title":"Accessibility form - Your inquiry","description":"CIB pdf brewer Developer Edition - With all common PDF editing functions, print server and API.","robots":{"index":"noindex","follow":"follow","max-snippet":"max-snippet:-1","max-image-preview":"max-image-preview:large","max-video-preview":"max-video-preview:-1"},"og_locale":"en_GB","og_type":"article","og_title":"Barrierefreiheit form - Ihre Anfrage","og_description":"CIB pdf brewer Developer Edition - Mit allen g\u00e4ngigen PDF Bearbeitungsfunktionen, Druckserver und API. Vielen Dank f\u00fcr Ihr Interesse!","og_url":"https:\/\/www.cib.de\/barrierefreiheit-form\/","og_site_name":"CIB Group","article_modified_time":"2024-01-22T15:56:07+00:00","og_image":[{"url":"https:\/\/www.cib.de\/wp-content\/uploads\/2022\/02\/Contact-page-illustration_CIB-Group-adapted-750x1024.png","type":"","width":"","height":""}],"twitter_card":"summary_large_image","twitter_misc":{"Estimated reading time":"1 minute"},"schema":{"@context":"https:\/\/schema.org","@graph":[{"@type":"WebPage","@id":"https:\/\/www.cib.de\/barrierefreiheit-form\/","url":"https:\/\/www.cib.de\/barrierefreiheit-form\/","name":"Accessibility form - Your inquiry","isPartOf":{"@id":"https:\/\/cibtestawsls.cib.de\/#website"},"primaryImageOfPage":{"@id":"https:\/\/www.cib.de\/barrierefreiheit-form\/#primaryimage"},"image":{"@id":"https:\/\/www.cib.de\/barrierefreiheit-form\/#primaryimage"},"thumbnailUrl":"https:\/\/cibtestawsls.cib.de\/wp-content\/uploads\/2022\/02\/Contact-page-illustration_CIB-Group-adapted-750x1024.png","datePublished":"2023-10-23T15:00:33+00:00","dateModified":"2024-01-22T15:56:07+00:00","description":"CIB pdf brewer Developer Edition - With all common PDF editing functions, print server and API.","breadcrumb":{"@id":"https:\/\/www.cib.de\/barrierefreiheit-form\/#breadcrumb"},"inLanguage":"en-GB","potentialAction":[{"@type":"ReadAction","target":["https:\/\/www.cib.de\/barrierefreiheit-form\/"]}]},{"@type":"ImageObject","inLanguage":"en-GB","@id":"https:\/\/www.cib.de\/barrierefreiheit-form\/#primaryimage","url":"https:\/\/cibtestawsls.cib.de\/wp-content\/uploads\/2022\/02\/Contact-page-illustration_CIB-Group-adapted-750x1024.png","contentUrl":"https:\/\/cibtestawsls.cib.de\/wp-content\/uploads\/2022\/02\/Contact-page-illustration_CIB-Group-adapted-750x1024.png"},{"@type":"BreadcrumbList","@id":"https:\/\/www.cib.de\/barrierefreiheit-form\/#breadcrumb","itemListElement":[{"@type":"ListItem","position":1,"name":"Home","item":"https:\/\/cibtestawsls.cib.de\/"},{"@type":"ListItem","position":2,"name":"Barrierefreiheit form"}]},{"@type":"WebSite","@id":"https:\/\/cibtestawsls.cib.de\/#website","url":"https:\/\/cibtestawsls.cib.de\/","name":"CIB Group","description":"Digitalisierung, Prozessautomatisierung, K\u00fcnstliche Intelligenz","potentialAction":[{"@type":"SearchAction","target":{"@type":"EntryPoint","urlTemplate":"https:\/\/cibtestawsls.cib.de\/?s={search_term_string}"},"query-input":{"@type":"PropertyValueSpecification","valueRequired":true,"valueName":"search_term_string"}}],"inLanguage":"en-GB"}]}},"post_mailing_queue_ids":[],"_links":{"self":[{"href":"https:\/\/cibtestawsls.cib.de\/en\/wp-json\/wp\/v2\/pages\/101897","targetHints":{"allow":["GET"]}}],"collection":[{"href":"https:\/\/cibtestawsls.cib.de\/en\/wp-json\/wp\/v2\/pages"}],"about":[{"href":"https:\/\/cibtestawsls.cib.de\/en\/wp-json\/wp\/v2\/types\/page"}],"author":[{"embeddable":true,"href":"https:\/\/cibtestawsls.cib.de\/en\/wp-json\/wp\/v2\/users\/246"}],"replies":[{"embeddable":true,"href":"https:\/\/cibtestawsls.cib.de\/en\/wp-json\/wp\/v2\/comments?post=101897"}],"version-history":[{"count":61,"href":"https:\/\/cibtestawsls.cib.de\/en\/wp-json\/wp\/v2\/pages\/101897\/revisions"}],"predecessor-version":[{"id":109298,"href":"https:\/\/cibtestawsls.cib.de\/en\/wp-json\/wp\/v2\/pages\/101897\/revisions\/109298"}],"wp:attachment":[{"href":"https:\/\/cibtestawsls.cib.de\/en\/wp-json\/wp\/v2\/media?parent=101897"}],"wp:term":[{"taxonomy":"category","embeddable":true,"href":"https:\/\/cibtestawsls.cib.de\/en\/wp-json\/wp\/v2\/categories?post=101897"}],"curies":[{"name":"wp","href":"https:\/\/api.w.org\/{rel}","templated":true}]}}