{"id":59293,"date":"2022-11-08T11:32:15","date_gmt":"2022-11-08T10:32:15","guid":{"rendered":"https:\/\/cibtestawsls.cib.de\/?page_id=59293"},"modified":"2026-03-10T11:56:57","modified_gmt":"2026-03-10T10:56:57","slug":"de","status":"publish","type":"page","link":"https:\/\/cibtestawsls.cib.de\/en\/","title":{"rendered":"Welcome to CIB"},"content":{"rendered":"","protected":true},"excerpt":{"rendered":"","protected":true},"author":246,"featured_media":0,"parent":0,"menu_order":0,"comment_status":"closed","ping_status":"closed","template":"","meta":{"_acf_changed":false,"footnotes":""},"categories":[],"class_list":["post-59293","page","type-page","status-publish","post-password-required"],"acf":[],"yoast_head":"<!-- This site is optimized with the Yoast SEO plugin v27.3 - https:\/\/yoast.com\/product\/yoast-seo-wordpress\/ -->\n<title>CIB Group - Digitalisierung. Automatisierung. K\u00fcnstliche Intelligenz<\/title>\n<meta name=\"description\" content=\"Wir entwickeln f\u00fcr unsere Kunden KI-gest\u00fctzte Digitalisierungsl\u00f6sungen f\u00fcr ein hocheffizientes, prozessautomatisiertes Dokumentenmanagement.\" \/>\n<meta name=\"robots\" content=\"noindex, follow, max-snippet:-1, max-image-preview:large, max-video-preview:-1\" \/>\n<meta property=\"og:locale\" content=\"en_GB\" \/>\n<meta property=\"og:type\" content=\"article\" \/>\n<meta property=\"og:title\" content=\"CIB Group - Digitalisierung. Automatisierung. K\u00fcnstliche Intelligenz\" \/>\n<meta property=\"og:description\" content=\"Wir entwickeln f\u00fcr unsere Kunden KI-gest\u00fctzte Digitalisierungsl\u00f6sungen f\u00fcr ein hocheffizientes, prozessautomatisiertes Dokumentenmanagement.\" \/>\n<meta property=\"og:url\" content=\"https:\/\/cibtestawsls.cib.de\/en\/\" \/>\n<meta property=\"og:site_name\" content=\"CIB Group\" \/>\n<meta property=\"article:modified_time\" content=\"2026-03-10T10:56:57+00:00\" \/>\n<meta name=\"twitter:card\" content=\"summary_large_image\" \/>\n<meta name=\"twitter:label1\" content=\"Estimated reading time\" \/>\n\t<meta name=\"twitter:data1\" content=\"14 minutes\" \/>\n<script type=\"application\/ld+json\" class=\"yoast-schema-graph\">{\"@context\":\"https:\\\/\\\/schema.org\",\"@graph\":[{\"@type\":\"WebPage\",\"@id\":\"https:\\\/\\\/cibtestawsls.cib.de\\\/\",\"url\":\"https:\\\/\\\/cibtestawsls.cib.de\\\/\",\"name\":\"CIB Group - Digitalisierung. Automatisierung. K\u00fcnstliche Intelligenz\",\"isPartOf\":{\"@id\":\"https:\\\/\\\/cibtestawsls.cib.de\\\/#website\"},\"datePublished\":\"2022-11-08T10:32:15+00:00\",\"dateModified\":\"2026-03-10T10:56:57+00:00\",\"breadcrumb\":{\"@id\":\"https:\\\/\\\/cibtestawsls.cib.de\\\/#breadcrumb\"},\"inLanguage\":\"en-GB\"},{\"@type\":\"WebSite\",\"@id\":\"https:\\\/\\\/cibtestawsls.cib.de\\\/#website\",\"url\":\"https:\\\/\\\/cibtestawsls.cib.de\\\/\",\"name\":\"CIB Group\",\"description\":\"Digitalisierung, Prozessautomatisierung, K\u00fcnstliche Intelligenz\",\"potentialAction\":[{\"@type\":\"SearchAction\",\"target\":{\"@type\":\"EntryPoint\",\"urlTemplate\":\"https:\\\/\\\/cibtestawsls.cib.de\\\/?s={search_term_string}\"},\"query-input\":{\"@type\":\"PropertyValueSpecification\",\"valueRequired\":true,\"valueName\":\"search_term_string\"}}],\"inLanguage\":\"en-GB\"}]}<\/script>\n<!-- \/ Yoast SEO plugin. -->","yoast_head_json":{"title":"CIB Group - Digitalization. Automation. AI.","description":"We develop AI-supported digitalization solutions for our customers for highly efficient, process-automated document management.","robots":{"index":"noindex","follow":"follow","max-snippet":"max-snippet:-1","max-image-preview":"max-image-preview:large","max-video-preview":"max-video-preview:-1"},"og_locale":"en_GB","og_type":"article","og_title":"CIB Group - Digitalisierung. Automatisierung. K\u00fcnstliche Intelligenz","og_description":"Wir entwickeln f\u00fcr unsere Kunden KI-gest\u00fctzte Digitalisierungsl\u00f6sungen f\u00fcr ein hocheffizientes, prozessautomatisiertes Dokumentenmanagement.","og_url":"https:\/\/cibtestawsls.cib.de\/en\/","og_site_name":"CIB Group","article_modified_time":"2026-03-10T10:56:57+00:00","twitter_card":"summary_large_image","twitter_misc":{"Estimated reading time":"14 minutes"},"schema":{"@context":"https:\/\/schema.org","@graph":[{"@type":"WebPage","@id":"https:\/\/cibtestawsls.cib.de\/","url":"https:\/\/cibtestawsls.cib.de\/","name":"CIB Group - Digitalization. Automation. AI.","isPartOf":{"@id":"https:\/\/cibtestawsls.cib.de\/#website"},"datePublished":"2022-11-08T10:32:15+00:00","dateModified":"2026-03-10T10:56:57+00:00","breadcrumb":{"@id":"https:\/\/cibtestawsls.cib.de\/#breadcrumb"},"inLanguage":"en-GB"},{"@type":"WebSite","@id":"https:\/\/cibtestawsls.cib.de\/#website","url":"https:\/\/cibtestawsls.cib.de\/","name":"CIB Group","description":"Digitalisierung, Prozessautomatisierung, K\u00fcnstliche Intelligenz","potentialAction":[{"@type":"SearchAction","target":{"@type":"EntryPoint","urlTemplate":"https:\/\/cibtestawsls.cib.de\/?s={search_term_string}"},"query-input":{"@type":"PropertyValueSpecification","valueRequired":true,"valueName":"search_term_string"}}],"inLanguage":"en-GB"}]}},"post_mailing_queue_ids":[],"_links":{"self":[{"href":"https:\/\/cibtestawsls.cib.de\/en\/wp-json\/wp\/v2\/pages\/59293","targetHints":{"allow":["GET"]}}],"collection":[{"href":"https:\/\/cibtestawsls.cib.de\/en\/wp-json\/wp\/v2\/pages"}],"about":[{"href":"https:\/\/cibtestawsls.cib.de\/en\/wp-json\/wp\/v2\/types\/page"}],"author":[{"embeddable":true,"href":"https:\/\/cibtestawsls.cib.de\/en\/wp-json\/wp\/v2\/users\/246"}],"replies":[{"embeddable":true,"href":"https:\/\/cibtestawsls.cib.de\/en\/wp-json\/wp\/v2\/comments?post=59293"}],"version-history":[{"count":1592,"href":"https:\/\/cibtestawsls.cib.de\/en\/wp-json\/wp\/v2\/pages\/59293\/revisions"}],"predecessor-version":[{"id":133352,"href":"https:\/\/cibtestawsls.cib.de\/en\/wp-json\/wp\/v2\/pages\/59293\/revisions\/133352"}],"wp:attachment":[{"href":"https:\/\/cibtestawsls.cib.de\/en\/wp-json\/wp\/v2\/media?parent=59293"}],"wp:term":[{"taxonomy":"category","embeddable":true,"href":"https:\/\/cibtestawsls.cib.de\/en\/wp-json\/wp\/v2\/categories?post=59293"}],"curies":[{"name":"wp","href":"https:\/\/api.w.org\/{rel}","templated":true}]}}