{"id":33136,"date":"2021-12-23T13:57:24","date_gmt":"2021-12-23T12:57:24","guid":{"rendered":"http:\/\/18.198.70.165.nip.io\/?page_id=33136"},"modified":"2024-08-09T14:03:09","modified_gmt":"2024-08-09T12:03:09","slug":"pdfbrewer-ong","status":"publish","type":"page","link":"https:\/\/cibtestawsls.cib.de\/es\/pdfbrewer-ong\/","title":{"rendered":"CIB pdf brewer para ONG"},"content":{"rendered":"<div data-elementor-type=\"wp-page\" data-elementor-id=\"33136\" class=\"elementor elementor-33136\" data-elementor-post-type=\"page\">\n\t\t\t\t\t\t<section class=\"elementor-section elementor-top-section elementor-element elementor-element-7d2c86f elementor-section-boxed elementor-section-height-default elementor-section-height-default\" data-id=\"7d2c86f\" data-element_type=\"section\" data-settings=\"{&quot;background_background&quot;:&quot;classic&quot;}\">\n\t\t\t\t\t\t<div class=\"elementor-container elementor-column-gap-default\">\n\t\t\t\t\t<div class=\"elementor-column elementor-col-50 elementor-top-column elementor-element elementor-element-c850d13\" data-id=\"c850d13\" data-element_type=\"column\">\n\t\t\t<div class=\"elementor-widget-wrap elementor-element-populated\">\n\t\t\t\t\t\t<div class=\"elementor-element elementor-element-2debad3 elementor-widget elementor-widget-heading\" data-id=\"2debad3\" data-element_type=\"widget\" data-widget_type=\"heading.default\">\n\t\t\t\t<div class=\"elementor-widget-container\">\n\t\t\t\t\t<h2 class=\"elementor-heading-title elementor-size-default\">CIB pdf brewer Business - apoyamos a las ONG<\/h2>\t\t\t\t<\/div>\n\t\t\t\t<\/div>\n\t\t\t\t<div class=\"elementor-element elementor-element-36d207a elementor-widget elementor-widget-text-editor\" data-id=\"36d207a\" data-element_type=\"widget\" data-widget_type=\"text-editor.default\">\n\t\t\t\t<div class=\"elementor-widget-container\">\n\t\t\t\t\t\t\t\t\t<p>Nos gusta ser <span style=\"text-decoration: underline;\"><a href=\"\/es\/proactive\/\"><em>proactivos<\/em><\/a>:<\/span> ofrecemos a las organizaciones sin \u00e1nimo de lucro la \u00a0<span style=\"text-decoration: underline;\"><strong><a href=\"https:\/\/cibtestawsls.cib.de\/es\/pdfbrewer\/\">Licencia Business de CIB pdf brewer<\/a><\/strong><\/span> en condiciones especiales.\u00a0<\/p>\t\t\t\t\t\t\t\t<\/div>\n\t\t\t\t<\/div>\n\t\t\t\t<div class=\"elementor-element elementor-element-b1868f5 elementor-widget elementor-widget-image\" data-id=\"b1868f5\" data-element_type=\"widget\" data-widget_type=\"image.default\">\n\t\t\t\t<div class=\"elementor-widget-container\">\n\t\t\t\t\t\t\t\t\t\t\t\t\t\t\t<img fetchpriority=\"high\" decoding=\"async\" width=\"750\" height=\"1024\" src=\"https:\/\/cibtestawsls.cib.de\/wp-content\/uploads\/2022\/02\/Contact-page-illustration_CIB-Group-adapted-750x1024.png\" class=\"attachment-large size-large wp-image-30325\" alt=\"\" srcset=\"https:\/\/cibtestawsls.cib.de\/wp-content\/uploads\/2022\/02\/Contact-page-illustration_CIB-Group-adapted-750x1024.png 750w, https:\/\/cibtestawsls.cib.de\/wp-content\/uploads\/2022\/02\/Contact-page-illustration_CIB-Group-adapted-220x300.png 220w, https:\/\/cibtestawsls.cib.de\/wp-content\/uploads\/2022\/02\/Contact-page-illustration_CIB-Group-adapted-768x1049.png 768w, https:\/\/cibtestawsls.cib.de\/wp-content\/uploads\/2022\/02\/Contact-page-illustration_CIB-Group-adapted-1125x1536.png 1125w, https:\/\/cibtestawsls.cib.de\/wp-content\/uploads\/2022\/02\/Contact-page-illustration_CIB-Group-adapted-1500x2048.png 1500w, https:\/\/cibtestawsls.cib.de\/wp-content\/uploads\/2022\/02\/Contact-page-illustration_CIB-Group-adapted-e1768317437220.png 900w\" sizes=\"(max-width: 750px) 100vw, 750px\" \/>\t\t\t\t\t\t\t\t\t\t\t\t\t\t\t<\/div>\n\t\t\t\t<\/div>\n\t\t\t\t\t<\/div>\n\t\t<\/div>\n\t\t\t\t<div class=\"elementor-column elementor-col-50 elementor-top-column elementor-element elementor-element-ea2ce6d\" data-id=\"ea2ce6d\" data-element_type=\"column\">\n\t\t\t<div class=\"elementor-widget-wrap elementor-element-populated\">\n\t\t\t\t\t\t<div class=\"elementor-element elementor-element-c644097 elementor-widget elementor-widget-wp-widget-forminator_widget\" data-id=\"c644097\" data-element_type=\"widget\" data-widget_type=\"wp-widget-forminator_widget.default\">\n\t\t\t\t<div class=\"elementor-widget-container\">\n\t\t\t\t\t<form id=\"forminator-module-94375\" class=\"forminator-custom-form forminator-custom-form-94375\" method=\"post\" data-forminator-render=\"0\" data-uid=\"69d006a710ba1\" action=\"\"><div role=\"alert\" aria-live=\"polite\" class=\"forminator-response-message forminator-error\" aria-hidden=\"true\"><\/div><input type=\"hidden\" name=\"trp-form-language\" value=\"es\"\/><\/form>\t\t\t\t<\/div>\n\t\t\t\t<\/div>\n\t\t\t\t\t<\/div>\n\t\t<\/div>\n\t\t\t\t\t<\/div>\n\t\t<\/section>\n\t\t\t\t<section class=\"elementor-section elementor-top-section elementor-element elementor-element-5fb655d elementor-section-boxed elementor-section-height-default elementor-section-height-default\" data-id=\"5fb655d\" data-element_type=\"section\">\n\t\t\t\t\t\t<div class=\"elementor-container elementor-column-gap-default\">\n\t\t\t\t\t<div class=\"elementor-column elementor-col-100 elementor-top-column elementor-element elementor-element-2eea9a7\" data-id=\"2eea9a7\" data-element_type=\"column\">\n\t\t\t<div class=\"elementor-widget-wrap elementor-element-populated\">\n\t\t\t\t\t\t<div class=\"elementor-element elementor-element-26376aa elementor-widget elementor-widget-spacer\" data-id=\"26376aa\" data-element_type=\"widget\" data-widget_type=\"spacer.default\">\n\t\t\t\t<div class=\"elementor-widget-container\">\n\t\t\t\t\t\t\t<div class=\"elementor-spacer\">\n\t\t\t<div class=\"elementor-spacer-inner\"><\/div>\n\t\t<\/div>\n\t\t\t\t\t\t<\/div>\n\t\t\t\t<\/div>\n\t\t\t\t\t<\/div>\n\t\t<\/div>\n\t\t\t\t\t<\/div>\n\t\t<\/section>\n\t\t\t\t<section class=\"elementor-section elementor-top-section elementor-element elementor-element-110f295 elementor-section-full_width elementor-section-height-default elementor-section-height-default\" data-id=\"110f295\" data-element_type=\"section\" data-settings=\"{&quot;background_background&quot;:&quot;classic&quot;}\">\n\t\t\t\t\t\t<div class=\"elementor-container elementor-column-gap-default\">\n\t\t\t\t\t<div class=\"elementor-column elementor-col-100 elementor-top-column elementor-element elementor-element-e31de78\" data-id=\"e31de78\" data-element_type=\"column\">\n\t\t\t<div class=\"elementor-widget-wrap elementor-element-populated\">\n\t\t\t\t\t\t<div class=\"elementor-element elementor-element-37a1c58 elementor-widget elementor-widget-template\" data-id=\"37a1c58\" data-element_type=\"widget\" data-widget_type=\"template.default\">\n\t\t\t\t<div class=\"elementor-widget-container\">\n\t\t\t\t\t\t\t<div class=\"elementor-template\">\n\t\t\t\t\t<div data-elementor-type=\"loop\" data-elementor-id=\"45205\" class=\"elementor elementor-45205\" data-elementor-post-type=\"elementor_library\">\n\t\t\t\t\t<section class=\"elementor-section elementor-top-section elementor-element elementor-element-9019a55 elementor-section-boxed elementor-section-height-default elementor-section-height-default\" data-id=\"9019a55\" data-element_type=\"section\" data-settings=\"{&quot;background_background&quot;:&quot;classic&quot;}\">\n\t\t\t\t\t\t\t<div class=\"elementor-background-overlay\"><\/div>\n\t\t\t\t\t\t\t<div class=\"elementor-container elementor-column-gap-default\">\n\t\t\t\t\t<div class=\"elementor-column elementor-col-100 elementor-top-column elementor-element elementor-element-7cf189f\" data-id=\"7cf189f\" data-element_type=\"column\">\n\t\t\t<div class=\"elementor-widget-wrap elementor-element-populated\">\n\t\t\t\t\t\t<div class=\"elementor-element elementor-element-8437dad elementor-widget elementor-widget-heading\" data-id=\"8437dad\" data-element_type=\"widget\" data-widget_type=\"heading.default\">\n\t\t\t\t<div class=\"elementor-widget-container\">\n\t\t\t\t\t<h2 class=\"elementor-heading-title elementor-size-default\">Descargar CIB pdf brewer<\/h2>\t\t\t\t<\/div>\n\t\t\t\t<\/div>\n\t\t\t\t<div class=\"elementor-element elementor-element-fe4e243 elementor-widget elementor-widget-html\" data-id=\"fe4e243\" data-element_type=\"widget\" data-widget_type=\"html.default\">\n\t\t\t\t<div class=\"elementor-widget-container\">\n\t\t\t\t\t<iframe id=\"frame\" height=\"70\" width=\"100%\" title=\"Version pdf brewer\"\r\n\r\n            src=\"https:\/\/update.cib.de\/pdfbrewer\/embeddedinfo.php?color=FFF&size=20&align=center\">\r\n          <\/iframe>\t\t\t\t<\/div>\n\t\t\t\t<\/div>\n\t\t\t\t<section class=\"elementor-section elementor-inner-section elementor-element elementor-element-b7b5710 elementor-section-boxed elementor-section-height-default elementor-section-height-default\" data-id=\"b7b5710\" data-element_type=\"section\">\n\t\t\t\t\t\t<div class=\"elementor-container elementor-column-gap-default\">\n\t\t\t\t\t<div class=\"elementor-column elementor-col-100 elementor-inner-column elementor-element elementor-element-4c97069\" data-id=\"4c97069\" data-element_type=\"column\">\n\t\t\t<div class=\"elementor-widget-wrap elementor-element-populated\">\n\t\t\t\t\t\t<div class=\"elementor-element elementor-element-31586b9 elementor-align-center elementor-mobile-align-center elementor-widget elementor-widget-button\" data-id=\"31586b9\" data-element_type=\"widget\" data-widget_type=\"button.default\">\n\t\t\t\t<div class=\"elementor-widget-container\">\n\t\t\t\t\t\t\t\t\t<div class=\"elementor-button-wrapper\">\n\t\t\t\t\t<a class=\"elementor-button elementor-button-link elementor-size-sm\" href=\"https:\/\/update.cib.de\/pdfbrewer\/download.php\" id=\"brewer-descargar-bottom-de\">\n\t\t\t\t\t\t<span class=\"elementor-button-content-wrapper\">\n\t\t\t\t\t\t<span class=\"elementor-button-icon\">\n\t\t\t\t<svg aria-hidden=\"true\" class=\"e-font-icon-svg e-fas-arrow-right\" viewbox=\"0 0 448 512\" xmlns=\"http:\/\/www.w3.org\/2000\/svg\"><path d=\"M190.5 66.9l22.2-22.2c9.4-9.4 24.6-9.4 33.9 0L441 239c9.4 9.4 9.4 24.6 0 33.9L246.6 467.3c-9.4 9.4-24.6 9.4-33.9 0l-22.2-22.2c-9.5-9.5-9.3-25 .4-34.3L311.4 296H24c-13.3 0-24-10.7-24-24v-32c0-13.3 10.7-24 24-24h287.4L190.9 101.2c-9.8-9.3-10-24.8-.4-34.3z\"><\/path><\/svg>\t\t\t<\/span>\n\t\t\t\t\t\t\t\t\t<span class=\"elementor-button-text\">Descargar<\/span>\n\t\t\t\t\t<\/span>\n\t\t\t\t\t<\/a>\n\t\t\t\t<\/div>\n\t\t\t\t\t\t\t\t<\/div>\n\t\t\t\t<\/div>\n\t\t\t\t\t<\/div>\n\t\t<\/div>\n\t\t\t\t\t<\/div>\n\t\t<\/section>\n\t\t\t\t\t<\/div>\n\t\t<\/div>\n\t\t\t\t\t<\/div>\n\t\t<\/section>\n\t\t\t\t<\/div>\n\t\t\t\t<\/div>\n\t\t\t\t\t\t<\/div>\n\t\t\t\t<\/div>\n\t\t\t\t\t<\/div>\n\t\t<\/div>\n\t\t\t\t\t<\/div>\n\t\t<\/section>\n\t\t\t\t<\/div>","protected":false},"excerpt":{"rendered":"<p>CIB pdf brewer Business lizenzfrei f\u00fcr NPOs Wir sind gerne proactive: Non-Profit-Organisationen bieten wir die \u00a0CIB pdf brewer Business Lizenz zu Sonderkonditionen an!\u00a0<\/p>","protected":false},"author":246,"featured_media":16405,"parent":0,"menu_order":0,"comment_status":"closed","ping_status":"closed","template":"","meta":{"_acf_changed":false,"footnotes":""},"categories":[2278],"class_list":{"0":"post-33136","1":"page","2":"type-page","3":"status-publish","4":"has-post-thumbnail","6":"category-form-lp"},"acf":[],"yoast_head":"<!-- This site is optimized with the Yoast SEO plugin v27.3 - https:\/\/yoast.com\/product\/yoast-seo-wordpress\/ -->\n<title>CIB pdf brewer f\u00fcr NPO<\/title>\n<meta name=\"description\" content=\"Wir bieten kostenlose Lizenzen an \u00f6ffentliche, private und sozial-karitative gemeinn\u00fctzige Organisationen und Vereine.\" \/>\n<meta name=\"robots\" content=\"noindex, follow, max-snippet:-1, max-image-preview:large, max-video-preview:-1\" \/>\n<meta property=\"og:locale\" content=\"es_ES\" \/>\n<meta property=\"og:type\" content=\"article\" \/>\n<meta property=\"og:title\" content=\"CIB pdf brewer f\u00fcr NPO\" \/>\n<meta property=\"og:description\" content=\"Wir bieten kostenlose Lizenzen an \u00f6ffentliche, private und sozial-karitative gemeinn\u00fctzige Organisationen und Vereine.\" \/>\n<meta property=\"og:url\" content=\"https:\/\/www.cib.de\/pdfbrewer-npo\/\" \/>\n<meta property=\"og:site_name\" content=\"CIB Group\" \/>\n<meta property=\"article:modified_time\" content=\"2024-08-09T12:03:09+00:00\" \/>\n<meta name=\"twitter:card\" content=\"summary_large_image\" \/>\n<meta name=\"twitter:label1\" content=\"Tiempo de lectura\" \/>\n\t<meta name=\"twitter:data1\" content=\"1 minuto\" \/>\n<script type=\"application\/ld+json\" class=\"yoast-schema-graph\">{\"@context\":\"https:\\\/\\\/schema.org\",\"@graph\":[{\"@type\":\"WebPage\",\"@id\":\"https:\\\/\\\/www.cib.de\\\/pdfbrewer-npo\\\/\",\"url\":\"https:\\\/\\\/www.cib.de\\\/pdfbrewer-npo\\\/\",\"name\":\"CIB pdf brewer f\u00fcr NPO\",\"isPartOf\":{\"@id\":\"https:\\\/\\\/cibtestawsls.cib.de\\\/#website\"},\"primaryImageOfPage\":{\"@id\":\"https:\\\/\\\/www.cib.de\\\/pdfbrewer-npo\\\/#primaryimage\"},\"image\":{\"@id\":\"https:\\\/\\\/www.cib.de\\\/pdfbrewer-npo\\\/#primaryimage\"},\"thumbnailUrl\":\"https:\\\/\\\/cibtestawsls.cib.de\\\/wp-content\\\/uploads\\\/2021\\\/11\\\/we-love-npos.svg\",\"datePublished\":\"2021-12-23T12:57:24+00:00\",\"dateModified\":\"2024-08-09T12:03:09+00:00\",\"description\":\"Wir bieten kostenlose Lizenzen an \u00f6ffentliche, private und sozial-karitative gemeinn\u00fctzige Organisationen und Vereine.\",\"breadcrumb\":{\"@id\":\"https:\\\/\\\/www.cib.de\\\/pdfbrewer-npo\\\/#breadcrumb\"},\"inLanguage\":\"es\",\"potentialAction\":[{\"@type\":\"ReadAction\",\"target\":[\"https:\\\/\\\/www.cib.de\\\/pdfbrewer-npo\\\/\"]}]},{\"@type\":\"ImageObject\",\"inLanguage\":\"es\",\"@id\":\"https:\\\/\\\/www.cib.de\\\/pdfbrewer-npo\\\/#primaryimage\",\"url\":\"https:\\\/\\\/cibtestawsls.cib.de\\\/wp-content\\\/uploads\\\/2021\\\/11\\\/we-love-npos.svg\",\"contentUrl\":\"https:\\\/\\\/cibtestawsls.cib.de\\\/wp-content\\\/uploads\\\/2021\\\/11\\\/we-love-npos.svg\",\"width\":253,\"height\":253,\"caption\":\"pdf brewer\"},{\"@type\":\"BreadcrumbList\",\"@id\":\"https:\\\/\\\/www.cib.de\\\/pdfbrewer-npo\\\/#breadcrumb\",\"itemListElement\":[{\"@type\":\"ListItem\",\"position\":1,\"name\":\"Home\",\"item\":\"https:\\\/\\\/cibtestawsls.cib.de\\\/\"},{\"@type\":\"ListItem\",\"position\":2,\"name\":\"CIB pdf brewer f\u00fcr NPO\"}]},{\"@type\":\"WebSite\",\"@id\":\"https:\\\/\\\/cibtestawsls.cib.de\\\/#website\",\"url\":\"https:\\\/\\\/cibtestawsls.cib.de\\\/\",\"name\":\"CIB Group\",\"description\":\"Digitalisierung, Prozessautomatisierung, K\u00fcnstliche Intelligenz\",\"potentialAction\":[{\"@type\":\"SearchAction\",\"target\":{\"@type\":\"EntryPoint\",\"urlTemplate\":\"https:\\\/\\\/cibtestawsls.cib.de\\\/?s={search_term_string}\"},\"query-input\":{\"@type\":\"PropertyValueSpecification\",\"valueRequired\":true,\"valueName\":\"search_term_string\"}}],\"inLanguage\":\"es\"}]}<\/script>\n<!-- \/ Yoast SEO plugin. -->","yoast_head_json":{"title":"CIB pdf brewer para ONG","description":"Ofrecemos licencias gratuitas a organizaciones y asociaciones sin \u00e1nimo de lucro p\u00fablicas, privadas y social-ben\u00e9ficas.","robots":{"index":"noindex","follow":"follow","max-snippet":"max-snippet:-1","max-image-preview":"max-image-preview:large","max-video-preview":"max-video-preview:-1"},"og_locale":"es_ES","og_type":"article","og_title":"CIB pdf brewer f\u00fcr NPO","og_description":"Wir bieten kostenlose Lizenzen an \u00f6ffentliche, private und sozial-karitative gemeinn\u00fctzige Organisationen und Vereine.","og_url":"https:\/\/www.cib.de\/pdfbrewer-npo\/","og_site_name":"CIB Group","article_modified_time":"2024-08-09T12:03:09+00:00","twitter_card":"summary_large_image","twitter_misc":{"Tiempo de lectura":"1 minuto"},"schema":{"@context":"https:\/\/schema.org","@graph":[{"@type":"WebPage","@id":"https:\/\/www.cib.de\/pdfbrewer-npo\/","url":"https:\/\/www.cib.de\/pdfbrewer-npo\/","name":"CIB pdf brewer para ONG","isPartOf":{"@id":"https:\/\/cibtestawsls.cib.de\/#website"},"primaryImageOfPage":{"@id":"https:\/\/www.cib.de\/pdfbrewer-npo\/#primaryimage"},"image":{"@id":"https:\/\/www.cib.de\/pdfbrewer-npo\/#primaryimage"},"thumbnailUrl":"https:\/\/cibtestawsls.cib.de\/wp-content\/uploads\/2021\/11\/we-love-npos.svg","datePublished":"2021-12-23T12:57:24+00:00","dateModified":"2024-08-09T12:03:09+00:00","description":"Ofrecemos licencias gratuitas a organizaciones y asociaciones sin \u00e1nimo de lucro p\u00fablicas, privadas y social-ben\u00e9ficas.","breadcrumb":{"@id":"https:\/\/www.cib.de\/pdfbrewer-npo\/#breadcrumb"},"inLanguage":"es","potentialAction":[{"@type":"ReadAction","target":["https:\/\/www.cib.de\/pdfbrewer-npo\/"]}]},{"@type":"ImageObject","inLanguage":"es","@id":"https:\/\/www.cib.de\/pdfbrewer-npo\/#primaryimage","url":"https:\/\/cibtestawsls.cib.de\/wp-content\/uploads\/2021\/11\/we-love-npos.svg","contentUrl":"https:\/\/cibtestawsls.cib.de\/wp-content\/uploads\/2021\/11\/we-love-npos.svg","width":253,"height":253,"caption":"pdf brewer"},{"@type":"BreadcrumbList","@id":"https:\/\/www.cib.de\/pdfbrewer-npo\/#breadcrumb","itemListElement":[{"@type":"ListItem","position":1,"name":"Home","item":"https:\/\/cibtestawsls.cib.de\/"},{"@type":"ListItem","position":2,"name":"CIB pdf brewer f\u00fcr NPO"}]},{"@type":"WebSite","@id":"https:\/\/cibtestawsls.cib.de\/#website","url":"https:\/\/cibtestawsls.cib.de\/","name":"CIB Group","description":"Digitalisierung, Prozessautomatisierung, K\u00fcnstliche Intelligenz","potentialAction":[{"@type":"SearchAction","target":{"@type":"EntryPoint","urlTemplate":"https:\/\/cibtestawsls.cib.de\/?s={search_term_string}"},"query-input":{"@type":"PropertyValueSpecification","valueRequired":true,"valueName":"search_term_string"}}],"inLanguage":"es"}]}},"post_mailing_queue_ids":[],"_links":{"self":[{"href":"https:\/\/cibtestawsls.cib.de\/es\/wp-json\/wp\/v2\/pages\/33136","targetHints":{"allow":["GET"]}}],"collection":[{"href":"https:\/\/cibtestawsls.cib.de\/es\/wp-json\/wp\/v2\/pages"}],"about":[{"href":"https:\/\/cibtestawsls.cib.de\/es\/wp-json\/wp\/v2\/types\/page"}],"author":[{"embeddable":true,"href":"https:\/\/cibtestawsls.cib.de\/es\/wp-json\/wp\/v2\/users\/246"}],"replies":[{"embeddable":true,"href":"https:\/\/cibtestawsls.cib.de\/es\/wp-json\/wp\/v2\/comments?post=33136"}],"version-history":[{"count":90,"href":"https:\/\/cibtestawsls.cib.de\/es\/wp-json\/wp\/v2\/pages\/33136\/revisions"}],"predecessor-version":[{"id":118117,"href":"https:\/\/cibtestawsls.cib.de\/es\/wp-json\/wp\/v2\/pages\/33136\/revisions\/118117"}],"wp:featuredmedia":[{"embeddable":true,"href":"https:\/\/cibtestawsls.cib.de\/es\/wp-json\/wp\/v2\/media\/16405"}],"wp:attachment":[{"href":"https:\/\/cibtestawsls.cib.de\/es\/wp-json\/wp\/v2\/media?parent=33136"}],"wp:term":[{"taxonomy":"category","embeddable":true,"href":"https:\/\/cibtestawsls.cib.de\/es\/wp-json\/wp\/v2\/categories?post=33136"}],"curies":[{"name":"wp","href":"https:\/\/api.w.org\/{rel}","templated":true}]}}