{"id":17086,"date":"2022-03-09T17:45:10","date_gmt":"2022-03-09T16:45:10","guid":{"rendered":"http:\/\/18.198.70.165.nip.io\/?page_id=17086"},"modified":"2025-07-09T14:18:51","modified_gmt":"2025-07-09T12:18:51","slug":"vision","status":"publish","type":"page","link":"https:\/\/cibtestawsls.cib.de\/pt\/vision\/","title":{"rendered":"Nossa vis\u00e3o"},"content":{"rendered":"<div data-elementor-type=\"wp-page\" data-elementor-id=\"17086\" class=\"elementor elementor-17086\" data-elementor-post-type=\"page\">\n\t\t\t\t\t\t<section class=\"elementor-section elementor-top-section elementor-element elementor-element-5bfdf6a elementor-hidden-desktop elementor-hidden-tablet elementor-hidden-mobile elementor-section-boxed elementor-section-height-default elementor-section-height-default\" data-id=\"5bfdf6a\" data-element_type=\"section\">\n\t\t\t\t\t\t<div class=\"elementor-container elementor-column-gap-default\">\n\t\t\t\t\t<div class=\"elementor-column elementor-col-100 elementor-top-column elementor-element elementor-element-50550e7\" data-id=\"50550e7\" data-element_type=\"column\">\n\t\t\t<div class=\"elementor-widget-wrap elementor-element-populated\">\n\t\t\t\t\t\t<div class=\"elementor-element elementor-element-1ce3082 elementor-widget elementor-widget-html\" data-id=\"1ce3082\" data-element_type=\"widget\" data-widget_type=\"html.default\">\n\t\t\t\t<div class=\"elementor-widget-container\">\n\t\t\t\t\t<div style=\"display:none;\">Criando um mundo de trabalho melhor, sustent\u00e1vel e habit\u00e1vel com digitaliza\u00e7\u00e3o e inova\u00e7\u00e3o - para todos!<\/div>\t\t\t\t<\/div>\n\t\t\t\t<\/div>\n\t\t\t\t\t<\/div>\n\t\t<\/div>\n\t\t\t\t\t<\/div>\n\t\t<\/section>\n\t\t\t\t<section class=\"elementor-section elementor-top-section elementor-element elementor-element-f7cff12 elementor-section-boxed elementor-section-height-default elementor-section-height-default\" data-id=\"f7cff12\" data-element_type=\"section\" data-settings=\"{&quot;background_background&quot;:&quot;gradient&quot;}\">\n\t\t\t\t\t\t\t<div class=\"elementor-background-overlay\"><\/div>\n\t\t\t\t\t\t\t<div class=\"elementor-container elementor-column-gap-default\">\n\t\t\t\t\t<div class=\"elementor-column elementor-col-100 elementor-top-column elementor-element elementor-element-8e7ccd2\" data-id=\"8e7ccd2\" data-element_type=\"column\" data-settings=\"{&quot;background_background&quot;:&quot;classic&quot;}\">\n\t\t\t<div class=\"elementor-widget-wrap elementor-element-populated\">\n\t\t\t\t\t\t<div class=\"elementor-element elementor-element-478a445 elementor-widget-tablet__width-initial elementor--h-position-center elementor--v-position-middle elementor-arrows-position-inside elementor-pagination-position-inside elementor-widget elementor-widget-slides\" data-id=\"478a445\" data-element_type=\"widget\" data-settings=\"{&quot;navigation&quot;:&quot;both&quot;,&quot;autoplay&quot;:&quot;yes&quot;,&quot;pause_on_hover&quot;:&quot;yes&quot;,&quot;pause_on_interaction&quot;:&quot;yes&quot;,&quot;autoplay_speed&quot;:5000,&quot;infinite&quot;:&quot;yes&quot;,&quot;transition&quot;:&quot;slide&quot;,&quot;transition_speed&quot;:500}\" data-widget_type=\"slides.default\">\n\t\t\t\t<div class=\"elementor-widget-container\">\n\t\t\t\t\t\t\t\t\t<div class=\"elementor-swiper\">\n\t\t\t\t\t<div class=\"elementor-slides-wrapper elementor-main-swiper swiper\" role=\"region\" aria-roledescription=\"carousel\" aria-label=\"Slides\" dir=\"ltr\" data-animation=\"\">\n\t\t\t\t<div class=\"swiper-wrapper elementor-slides\">\n\t\t\t\t\t\t\t\t\t\t<div class=\"elementor-repeater-item-b8c3a28 swiper-slide\" role=\"group\" aria-roledescription=\"slide\"><div class=\"swiper-slide-bg\"><\/div><div class=\"swiper-slide-inner\" ><div class=\"swiper-slide-contents\"><div class=\"elementor-slide-heading\"><h1>Com a inova\u00e7\u00e3o rumo a um futuro melhor<\/h1><\/div><\/div><\/div><\/div>\t\t\t\t<\/div>\n\t\t\t\t\t\t\t<\/div>\n\t\t\t\t<\/div>\n\t\t\t\t\t\t\t\t<\/div>\n\t\t\t\t<\/div>\n\t\t\t\t\t<\/div>\n\t\t<\/div>\n\t\t\t\t\t<\/div>\n\t\t<\/section>\n\t\t\t\t<section class=\"elementor-section elementor-top-section elementor-element elementor-element-35c9e33 elementor-section-boxed elementor-section-height-default elementor-section-height-default\" data-id=\"35c9e33\" data-element_type=\"section\">\n\t\t\t\t\t\t<div class=\"elementor-container elementor-column-gap-custom\">\n\t\t\t\t\t<div class=\"elementor-column elementor-col-50 elementor-top-column elementor-element elementor-element-98f8617\" data-id=\"98f8617\" data-element_type=\"column\">\n\t\t\t<div class=\"elementor-widget-wrap elementor-element-populated\">\n\t\t\t\t\t\t<div class=\"elementor-element elementor-element-e7940ed elementor-widget elementor-widget-image\" data-id=\"e7940ed\" data-element_type=\"widget\" data-widget_type=\"image.default\">\n\t\t\t\t<div class=\"elementor-widget-container\">\n\t\t\t\t\t\t\t\t\t\t\t\t\t\t\t<img fetchpriority=\"high\" decoding=\"async\" width=\"1197\" height=\"1197\" src=\"https:\/\/cibtestawsls.cib.de\/wp-content\/uploads\/2022\/03\/Ulrich-Brandner-Photo_full-size_lighted.jpg\" class=\"attachment-full size-full wp-image-34358\" alt=\"\" srcset=\"https:\/\/cibtestawsls.cib.de\/wp-content\/uploads\/2022\/03\/Ulrich-Brandner-Photo_full-size_lighted.jpg 1197w, https:\/\/cibtestawsls.cib.de\/wp-content\/uploads\/2022\/03\/Ulrich-Brandner-Photo_full-size_lighted-300x300.jpg 300w, https:\/\/cibtestawsls.cib.de\/wp-content\/uploads\/2022\/03\/Ulrich-Brandner-Photo_full-size_lighted-1024x1024.jpg 1024w, https:\/\/cibtestawsls.cib.de\/wp-content\/uploads\/2022\/03\/Ulrich-Brandner-Photo_full-size_lighted-150x150.jpg 150w, https:\/\/cibtestawsls.cib.de\/wp-content\/uploads\/2022\/03\/Ulrich-Brandner-Photo_full-size_lighted-768x768.jpg 768w\" sizes=\"(max-width: 1197px) 100vw, 1197px\" \/>\t\t\t\t\t\t\t\t\t\t\t\t\t\t\t<\/div>\n\t\t\t\t<\/div>\n\t\t\t\t\t<\/div>\n\t\t<\/div>\n\t\t\t\t<div class=\"elementor-column elementor-col-50 elementor-top-column elementor-element elementor-element-fb3e07b\" data-id=\"fb3e07b\" data-element_type=\"column\" data-settings=\"{&quot;background_background&quot;:&quot;classic&quot;}\">\n\t\t\t<div class=\"elementor-widget-wrap elementor-element-populated\">\n\t\t\t\t\t\t<div class=\"elementor-element elementor-element-098f5b4 elementor-view-default elementor-widget elementor-widget-icon\" data-id=\"098f5b4\" data-element_type=\"widget\" data-widget_type=\"icon.default\">\n\t\t\t\t<div class=\"elementor-widget-container\">\n\t\t\t\t\t\t\t<div class=\"elementor-icon-wrapper\">\n\t\t\t<div class=\"elementor-icon\">\n\t\t\t<svg aria-hidden=\"true\" class=\"e-font-icon-svg e-fas-quote-right\" viewbox=\"0 0 512 512\" xmlns=\"http:\/\/www.w3.org\/2000\/svg\"><path d=\"M464 32H336c-26.5 0-48 21.5-48 48v128c0 26.5 21.5 48 48 48h80v64c0 35.3-28.7 64-64 64h-8c-13.3 0-24 10.7-24 24v48c0 13.3 10.7 24 24 24h8c88.4 0 160-71.6 160-160V80c0-26.5-21.5-48-48-48zm-288 0H48C21.5 32 0 53.5 0 80v128c0 26.5 21.5 48 48 48h80v64c0 35.3-28.7 64-64 64h-8c-13.3 0-24 10.7-24 24v48c0 13.3 10.7 24 24 24h8c88.4 0 160-71.6 160-160V80c0-26.5-21.5-48-48-48z\"><\/path><\/svg>\t\t\t<\/div>\n\t\t<\/div>\n\t\t\t\t\t\t<\/div>\n\t\t\t\t<\/div>\n\t\t\t\t<div class=\"elementor-element elementor-element-bbf0b1c elementor-widget elementor-widget-heading\" data-id=\"bbf0b1c\" data-element_type=\"widget\" data-widget_type=\"heading.default\">\n\t\t\t\t<div class=\"elementor-widget-container\">\n\t\t\t\t\t<h2 class=\"elementor-heading-title elementor-size-small\">DESEJAMOS CRIAR UM MUNDO DE TRABALHO MELHOR E MAIS SUSTENT\u00c1VEL ATRAV\u00c9S DA DIGITALIZA\u00c7\u00c3O E DA INOVA\u00c7\u00c3O.<\/h2>\t\t\t\t<\/div>\n\t\t\t\t<\/div>\n\t\t\t\t<div class=\"elementor-element elementor-element-ff1bbec elementor-widget elementor-widget-text-editor\" data-id=\"ff1bbec\" data-element_type=\"widget\" data-widget_type=\"text-editor.default\">\n\t\t\t\t<div class=\"elementor-widget-container\">\n\t\t\t\t\t\t\t\t\t<p>A CIB entende-se como uma comunidade baseada na coopera\u00e7\u00e3o confi\u00e1vel, na liberdade criativa e na independ\u00eancia econ\u00f3mica. Estes pilares garantem a motiva\u00e7\u00e3o e compet\u00eancia dos nossos colaboradores, bem como um claro foco no benef\u00edcio dos nossos clientes e no sucesso em conjunto.<\/p><p>Estamos convencidos de que, com a ajuda da digitaliza\u00e7\u00e3o e da automatiza\u00e7\u00e3o, estamos a contribuir para um mundo com menos automa\u00e7\u00e3o humana, mais produtividade nas empresas e um futuro sustent\u00e1vel para todos!<\/p>\t\t\t\t\t\t\t\t<\/div>\n\t\t\t\t<\/div>\n\t\t\t\t\t<\/div>\n\t\t<\/div>\n\t\t\t\t\t<\/div>\n\t\t<\/section>\n\t\t\t\t<section class=\"elementor-section elementor-top-section elementor-element elementor-element-adeefd4 elementor-section-boxed elementor-section-height-default elementor-section-height-default\" data-id=\"adeefd4\" data-element_type=\"section\" data-settings=\"{&quot;background_background&quot;:&quot;classic&quot;}\">\n\t\t\t\t\t\t<div class=\"elementor-container elementor-column-gap-default\">\n\t\t\t\t\t<div class=\"elementor-column elementor-col-50 elementor-top-column elementor-element elementor-element-25c08e8\" data-id=\"25c08e8\" data-element_type=\"column\">\n\t\t\t<div class=\"elementor-widget-wrap elementor-element-populated\">\n\t\t\t\t\t\t<div class=\"elementor-element elementor-element-bfe5e7f elementor-widget elementor-widget-heading\" data-id=\"bfe5e7f\" data-element_type=\"widget\" data-widget_type=\"heading.default\">\n\t\t\t\t<div class=\"elementor-widget-container\">\n\t\t\t\t\t<h2 class=\"elementor-heading-title elementor-size-small\">Intelig\u00eancia artificial para fluxos de trabalho mais eficientes e automatizados<\/h2>\t\t\t\t<\/div>\n\t\t\t\t<\/div>\n\t\t\t\t<div class=\"elementor-element elementor-element-151777d elementor-widget elementor-widget-text-editor\" data-id=\"151777d\" data-element_type=\"widget\" data-widget_type=\"text-editor.default\">\n\t\t\t\t<div class=\"elementor-widget-container\">\n\t\t\t\t\t\t\t\t\t<p>A investiga\u00e7\u00e3o de ponta oferece ao CIB a oportunidade de ser bem sucedido no mercado com novas solu\u00e7\u00f5es. Sendo uma empresa de m\u00e9dia dimens\u00e3o, o CIB \u00e9 particularmente flex\u00edvel e r\u00e1pido quando se trata de penetrar em novos mercados. Isto aplica-se, em particular, aos novos dom\u00ednios de investiga\u00e7\u00e3o da <strong>inteligencia artificial<\/strong>, onde a velocidade \u00e9 crucial.<\/p>\t\t\t\t\t\t\t\t<\/div>\n\t\t\t\t<\/div>\n\t\t\t\t<div class=\"elementor-element elementor-element-63b1cdd elementor-widget elementor-widget-text-editor\" data-id=\"63b1cdd\" data-element_type=\"widget\" data-widget_type=\"text-editor.default\">\n\t\t\t\t<div class=\"elementor-widget-container\">\n\t\t\t\t\t\t\t\t\t<p><strong>Ulrich Brandner, <\/strong><span class=\"ui-provider a b c d e f g h i j k l m n o p q r s t u v w x y z ab ac ae af ag ah ai aj ak\" dir=\"ltr\">fundador e propriet\u00e1rio da CIB<\/span><\/p>\t\t\t\t\t\t\t\t<\/div>\n\t\t\t\t<\/div>\n\t\t\t\t\t<\/div>\n\t\t<\/div>\n\t\t\t\t<div class=\"elementor-column elementor-col-50 elementor-top-column elementor-element elementor-element-f75d5cf\" data-id=\"f75d5cf\" data-element_type=\"column\">\n\t\t\t<div class=\"elementor-widget-wrap elementor-element-populated\">\n\t\t\t\t\t\t<div class=\"elementor-element elementor-element-399cfd8 elementor-align-center elementor-widget elementor-widget-lottie\" data-id=\"399cfd8\" data-element_type=\"widget\" data-settings=\"{&quot;source_json&quot;:{&quot;url&quot;:&quot;https:\\\/\\\/cibtestawsls.cib.de\\\/wp-content\\\/uploads\\\/2024\\\/06\\\/Compilation_n.json&quot;,&quot;id&quot;:115843,&quot;size&quot;:&quot;&quot;,&quot;alt&quot;:&quot;&quot;,&quot;source&quot;:&quot;library&quot;},&quot;source&quot;:&quot;media_file&quot;,&quot;caption_source&quot;:&quot;none&quot;,&quot;link_to&quot;:&quot;none&quot;,&quot;trigger&quot;:&quot;arriving_to_viewport&quot;,&quot;viewport&quot;:{&quot;unit&quot;:&quot;%&quot;,&quot;size&quot;:&quot;&quot;,&quot;sizes&quot;:{&quot;start&quot;:0,&quot;end&quot;:100}},&quot;play_speed&quot;:{&quot;unit&quot;:&quot;px&quot;,&quot;size&quot;:1,&quot;sizes&quot;:[]},&quot;start_point&quot;:{&quot;unit&quot;:&quot;%&quot;,&quot;size&quot;:0,&quot;sizes&quot;:[]},&quot;end_point&quot;:{&quot;unit&quot;:&quot;%&quot;,&quot;size&quot;:100,&quot;sizes&quot;:[]},&quot;renderer&quot;:&quot;svg&quot;}\" data-widget_type=\"lottie.default\">\n\t\t\t\t<div class=\"elementor-widget-container\">\n\t\t\t\t\t<div class=\"e-lottie__container\"><div class=\"e-lottie__animation\"><\/div><\/div>\t\t\t\t<\/div>\n\t\t\t\t<\/div>\n\t\t\t\t\t<\/div>\n\t\t<\/div>\n\t\t\t\t\t<\/div>\n\t\t<\/section>\n\t\t\t\t<section class=\"elementor-section elementor-top-section elementor-element elementor-element-e6f8f58 elementor-section-boxed elementor-section-height-default elementor-section-height-default\" data-id=\"e6f8f58\" data-element_type=\"section\" data-settings=\"{&quot;background_background&quot;:&quot;classic&quot;}\">\n\t\t\t\t\t\t\t<div class=\"elementor-background-overlay\"><\/div>\n\t\t\t\t\t\t\t<div class=\"elementor-container elementor-column-gap-default\">\n\t\t\t\t\t<div class=\"elementor-column elementor-col-100 elementor-top-column elementor-element elementor-element-983bd96\" data-id=\"983bd96\" data-element_type=\"column\">\n\t\t\t<div class=\"elementor-widget-wrap elementor-element-populated\">\n\t\t\t\t\t\t<div class=\"elementor-element elementor-element-5c23704 elementor-widget elementor-widget-heading\" data-id=\"5c23704\" data-element_type=\"widget\" data-widget_type=\"heading.default\">\n\t\t\t\t<div class=\"elementor-widget-container\">\n\t\t\t\t\t<h2 class=\"elementor-heading-title elementor-size-default\">Saiba mais sobre o nosso compromisso social<\/h2>\t\t\t\t<\/div>\n\t\t\t\t<\/div>\n\t\t\t\t<div class=\"elementor-element elementor-element-919fe6a elementor-align-center elementor-widget elementor-widget-button\" data-id=\"919fe6a\" data-element_type=\"widget\" data-widget_type=\"button.default\">\n\t\t\t\t<div class=\"elementor-widget-container\">\n\t\t\t\t\t\t\t\t\t<div class=\"elementor-button-wrapper\">\n\t\t\t\t\t<a class=\"elementor-button elementor-button-link elementor-size-sm\" href=\"\/pt\/proactive\/\">\n\t\t\t\t\t\t<span class=\"elementor-button-content-wrapper\">\n\t\t\t\t\t\t<span class=\"elementor-button-icon\">\n\t\t\t\t<svg aria-hidden=\"true\" class=\"e-font-icon-svg e-fas-arrow-right\" viewbox=\"0 0 448 512\" xmlns=\"http:\/\/www.w3.org\/2000\/svg\"><path d=\"M190.5 66.9l22.2-22.2c9.4-9.4 24.6-9.4 33.9 0L441 239c9.4 9.4 9.4 24.6 0 33.9L246.6 467.3c-9.4 9.4-24.6 9.4-33.9 0l-22.2-22.2c-9.5-9.5-9.3-25 .4-34.3L311.4 296H24c-13.3 0-24-10.7-24-24v-32c0-13.3 10.7-24 24-24h287.4L190.9 101.2c-9.8-9.3-10-24.8-.4-34.3z\"><\/path><\/svg>\t\t\t<\/span>\n\t\t\t\t\t\t\t\t\t<span class=\"elementor-button-text\">CIB proActive<\/span>\n\t\t\t\t\t<\/span>\n\t\t\t\t\t<\/a>\n\t\t\t\t<\/div>\n\t\t\t\t\t\t\t\t<\/div>\n\t\t\t\t<\/div>\n\t\t\t\t\t<\/div>\n\t\t<\/div>\n\t\t\t\t\t<\/div>\n\t\t<\/section>\n\t\t\t\t<\/div>","protected":false},"excerpt":{"rendered":"<p>Mit Digitalisierung und Innovation eine bessere, nachhaltige und lebenswerte Arbeitswelt f\u00fcr alle Menschen schaffen. Mit diesem Grundsatz gestalten wir aktiv die Zukunft. Mehr erfahren! Mit Innovation in eine bessere Zukunft Mit Digitalisierung und Innovation eine bessere, nachhaltige und lebenswerte Arbeitswelt schaffen! CIB sieht sich als Gemeinschaft, die auf vertrauensvoller Zusammenarbeit, sch\u00f6pferischer Freiheit und wirtschaftlicher Unabh\u00e4ngigkeit &#8230; <a title=\"Nossa vis\u00e3o\" class=\"read-more\" href=\"https:\/\/cibtestawsls.cib.de\/pt\/vision\/\" aria-label=\"Leia mais sobre Unsere Vision\">Ler mais<\/a><\/p>","protected":false},"author":246,"featured_media":36643,"parent":0,"menu_order":0,"comment_status":"closed","ping_status":"closed","template":"","meta":{"_acf_changed":false,"footnotes":""},"categories":[2279],"class_list":{"0":"post-17086","1":"page","2":"type-page","3":"status-publish","4":"has-post-thumbnail","6":"category-company-lp"},"acf":[],"yoast_head":"<!-- This site is optimized with the Yoast SEO plugin v27.3 - https:\/\/yoast.com\/product\/yoast-seo-wordpress\/ -->\n<title>Unsere Vision - CIB Group<\/title>\n<meta name=\"description\" content=\"Mit Digitalisierung und Innovation eine bessere, nachhaltige und lebenswerte Arbeitswelt schaffen - f\u00fcr alle!\" \/>\n<meta name=\"robots\" content=\"noindex, follow, max-snippet:-1, max-image-preview:large, max-video-preview:-1\" \/>\n<meta property=\"og:locale\" content=\"pt_PT\" \/>\n<meta property=\"og:type\" content=\"article\" \/>\n<meta property=\"og:title\" content=\"Unsere Vision - CIB Group\" \/>\n<meta property=\"og:description\" content=\"Mit Digitalisierung und Innovation eine bessere, nachhaltige und lebenswerte Arbeitswelt schaffen - f\u00fcr alle!\" \/>\n<meta property=\"og:url\" content=\"https:\/\/www.cib.de\/vision\/\" \/>\n<meta property=\"og:site_name\" content=\"CIB Group\" \/>\n<meta property=\"article:modified_time\" content=\"2025-07-09T12:18:51+00:00\" \/>\n<meta property=\"og:image\" content=\"https:\/\/www.cib.de\/wp-content\/uploads\/2022\/03\/vision_feature.jpg\" \/>\n\t<meta property=\"og:image:width\" content=\"363\" \/>\n\t<meta property=\"og:image:height\" content=\"227\" \/>\n\t<meta property=\"og:image:type\" content=\"image\/jpeg\" \/>\n<meta name=\"twitter:card\" content=\"summary_large_image\" \/>\n<meta name=\"twitter:label1\" content=\"Tempo estimado de leitura\" \/>\n\t<meta name=\"twitter:data1\" content=\"1 minuto\" \/>\n<script type=\"application\/ld+json\" class=\"yoast-schema-graph\">{\"@context\":\"https:\\\/\\\/schema.org\",\"@graph\":[{\"@type\":\"WebPage\",\"@id\":\"https:\\\/\\\/www.cib.de\\\/vision\\\/\",\"url\":\"https:\\\/\\\/www.cib.de\\\/vision\\\/\",\"name\":\"Unsere Vision - CIB Group\",\"isPartOf\":{\"@id\":\"https:\\\/\\\/cibtestawsls.cib.de\\\/#website\"},\"primaryImageOfPage\":{\"@id\":\"https:\\\/\\\/www.cib.de\\\/vision\\\/#primaryimage\"},\"image\":{\"@id\":\"https:\\\/\\\/www.cib.de\\\/vision\\\/#primaryimage\"},\"thumbnailUrl\":\"https:\\\/\\\/cibtestawsls.cib.de\\\/wp-content\\\/uploads\\\/2022\\\/03\\\/vision_feature.jpg\",\"datePublished\":\"2022-03-09T16:45:10+00:00\",\"dateModified\":\"2025-07-09T12:18:51+00:00\",\"description\":\"Mit Digitalisierung und Innovation eine bessere, nachhaltige und lebenswerte Arbeitswelt schaffen - f\u00fcr alle!\",\"breadcrumb\":{\"@id\":\"https:\\\/\\\/www.cib.de\\\/vision\\\/#breadcrumb\"},\"inLanguage\":\"pt-PT\",\"potentialAction\":[{\"@type\":\"ReadAction\",\"target\":[\"https:\\\/\\\/www.cib.de\\\/vision\\\/\"]}]},{\"@type\":\"ImageObject\",\"inLanguage\":\"pt-PT\",\"@id\":\"https:\\\/\\\/www.cib.de\\\/vision\\\/#primaryimage\",\"url\":\"https:\\\/\\\/cibtestawsls.cib.de\\\/wp-content\\\/uploads\\\/2022\\\/03\\\/vision_feature.jpg\",\"contentUrl\":\"https:\\\/\\\/cibtestawsls.cib.de\\\/wp-content\\\/uploads\\\/2022\\\/03\\\/vision_feature.jpg\",\"width\":363,\"height\":227},{\"@type\":\"BreadcrumbList\",\"@id\":\"https:\\\/\\\/www.cib.de\\\/vision\\\/#breadcrumb\",\"itemListElement\":[{\"@type\":\"ListItem\",\"position\":1,\"name\":\"Home\",\"item\":\"https:\\\/\\\/cibtestawsls.cib.de\\\/\"},{\"@type\":\"ListItem\",\"position\":2,\"name\":\"Unsere Vision\"}]},{\"@type\":\"WebSite\",\"@id\":\"https:\\\/\\\/cibtestawsls.cib.de\\\/#website\",\"url\":\"https:\\\/\\\/cibtestawsls.cib.de\\\/\",\"name\":\"CIB Group\",\"description\":\"Digitalisierung, Prozessautomatisierung, K\u00fcnstliche Intelligenz\",\"potentialAction\":[{\"@type\":\"SearchAction\",\"target\":{\"@type\":\"EntryPoint\",\"urlTemplate\":\"https:\\\/\\\/cibtestawsls.cib.de\\\/?s={search_term_string}\"},\"query-input\":{\"@type\":\"PropertyValueSpecification\",\"valueRequired\":true,\"valueName\":\"search_term_string\"}}],\"inLanguage\":\"pt-PT\"}]}<\/script>\n<!-- \/ Yoast SEO plugin. -->","yoast_head_json":{"title":"Vision - CIB Group","description":"Criando um mundo de trabalho melhor, sustent\u00e1vel e habit\u00e1vel com digitaliza\u00e7\u00e3o e inova\u00e7\u00e3o - para todos!","robots":{"index":"noindex","follow":"follow","max-snippet":"max-snippet:-1","max-image-preview":"max-image-preview:large","max-video-preview":"max-video-preview:-1"},"og_locale":"pt_PT","og_type":"article","og_title":"Unsere Vision - CIB Group","og_description":"Mit Digitalisierung und Innovation eine bessere, nachhaltige und lebenswerte Arbeitswelt schaffen - f\u00fcr alle!","og_url":"https:\/\/www.cib.de\/vision\/","og_site_name":"CIB Group","article_modified_time":"2025-07-09T12:18:51+00:00","og_image":[{"width":363,"height":227,"url":"https:\/\/www.cib.de\/wp-content\/uploads\/2022\/03\/vision_feature.jpg","type":"image\/jpeg"}],"twitter_card":"summary_large_image","twitter_misc":{"Tempo estimado de leitura":"1 minuto"},"schema":{"@context":"https:\/\/schema.org","@graph":[{"@type":"WebPage","@id":"https:\/\/www.cib.de\/vision\/","url":"https:\/\/www.cib.de\/vision\/","name":"Vision - CIB Group","isPartOf":{"@id":"https:\/\/cibtestawsls.cib.de\/#website"},"primaryImageOfPage":{"@id":"https:\/\/www.cib.de\/vision\/#primaryimage"},"image":{"@id":"https:\/\/www.cib.de\/vision\/#primaryimage"},"thumbnailUrl":"https:\/\/cibtestawsls.cib.de\/wp-content\/uploads\/2022\/03\/vision_feature.jpg","datePublished":"2022-03-09T16:45:10+00:00","dateModified":"2025-07-09T12:18:51+00:00","description":"Criando um mundo de trabalho melhor, sustent\u00e1vel e habit\u00e1vel com digitaliza\u00e7\u00e3o e inova\u00e7\u00e3o - para todos!","breadcrumb":{"@id":"https:\/\/www.cib.de\/vision\/#breadcrumb"},"inLanguage":"pt-PT","potentialAction":[{"@type":"ReadAction","target":["https:\/\/www.cib.de\/vision\/"]}]},{"@type":"ImageObject","inLanguage":"pt-PT","@id":"https:\/\/www.cib.de\/vision\/#primaryimage","url":"https:\/\/cibtestawsls.cib.de\/wp-content\/uploads\/2022\/03\/vision_feature.jpg","contentUrl":"https:\/\/cibtestawsls.cib.de\/wp-content\/uploads\/2022\/03\/vision_feature.jpg","width":363,"height":227},{"@type":"BreadcrumbList","@id":"https:\/\/www.cib.de\/vision\/#breadcrumb","itemListElement":[{"@type":"ListItem","position":1,"name":"Home","item":"https:\/\/cibtestawsls.cib.de\/"},{"@type":"ListItem","position":2,"name":"Unsere Vision"}]},{"@type":"WebSite","@id":"https:\/\/cibtestawsls.cib.de\/#website","url":"https:\/\/cibtestawsls.cib.de\/","name":"CIB Group","description":"Digitalisierung, Prozessautomatisierung, K\u00fcnstliche Intelligenz","potentialAction":[{"@type":"SearchAction","target":{"@type":"EntryPoint","urlTemplate":"https:\/\/cibtestawsls.cib.de\/?s={search_term_string}"},"query-input":{"@type":"PropertyValueSpecification","valueRequired":true,"valueName":"search_term_string"}}],"inLanguage":"pt-PT"}]}},"post_mailing_queue_ids":[],"_links":{"self":[{"href":"https:\/\/cibtestawsls.cib.de\/pt\/wp-json\/wp\/v2\/pages\/17086","targetHints":{"allow":["GET"]}}],"collection":[{"href":"https:\/\/cibtestawsls.cib.de\/pt\/wp-json\/wp\/v2\/pages"}],"about":[{"href":"https:\/\/cibtestawsls.cib.de\/pt\/wp-json\/wp\/v2\/types\/page"}],"author":[{"embeddable":true,"href":"https:\/\/cibtestawsls.cib.de\/pt\/wp-json\/wp\/v2\/users\/246"}],"replies":[{"embeddable":true,"href":"https:\/\/cibtestawsls.cib.de\/pt\/wp-json\/wp\/v2\/comments?post=17086"}],"version-history":[{"count":396,"href":"https:\/\/cibtestawsls.cib.de\/pt\/wp-json\/wp\/v2\/pages\/17086\/revisions"}],"predecessor-version":[{"id":128097,"href":"https:\/\/cibtestawsls.cib.de\/pt\/wp-json\/wp\/v2\/pages\/17086\/revisions\/128097"}],"wp:featuredmedia":[{"embeddable":true,"href":"https:\/\/cibtestawsls.cib.de\/pt\/wp-json\/wp\/v2\/media\/36643"}],"wp:attachment":[{"href":"https:\/\/cibtestawsls.cib.de\/pt\/wp-json\/wp\/v2\/media?parent=17086"}],"wp:term":[{"taxonomy":"category","embeddable":true,"href":"https:\/\/cibtestawsls.cib.de\/pt\/wp-json\/wp\/v2\/categories?post=17086"}],"curies":[{"name":"wp","href":"https:\/\/api.w.org\/{rel}","templated":true}]}}