{"id":31550,"date":"2021-05-28T15:28:01","date_gmt":"2021-05-28T13:28:01","guid":{"rendered":"http:\/\/18.198.70.165.nip.io\/?page_id=31550"},"modified":"2025-10-01T15:59:47","modified_gmt":"2025-10-01T13:59:47","slug":"legal-advice","status":"publish","type":"page","link":"https:\/\/cibtestawsls.cib.de\/pt\/legal-advice\/","title":{"rendered":"Aviso legal"},"content":{"rendered":"<div data-elementor-type=\"wp-page\" data-elementor-id=\"31550\" class=\"elementor elementor-31550\" data-elementor-post-type=\"page\">\n\t\t\t\t\t\t<section class=\"elementor-section elementor-top-section elementor-element elementor-element-6cfe588 elementor-section-boxed elementor-section-height-default elementor-section-height-default\" data-id=\"6cfe588\" data-element_type=\"section\" data-settings=\"{&quot;background_background&quot;:&quot;gradient&quot;}\">\n\t\t\t\t\t\t\t<div class=\"elementor-background-overlay\"><\/div>\n\t\t\t\t\t\t\t<div class=\"elementor-container elementor-column-gap-default\">\n\t\t\t\t\t<div class=\"elementor-column elementor-col-100 elementor-top-column elementor-element elementor-element-6287394\" data-id=\"6287394\" data-element_type=\"column\" data-settings=\"{&quot;background_background&quot;:&quot;classic&quot;}\">\n\t\t\t<div class=\"elementor-widget-wrap elementor-element-populated\">\n\t\t\t\t\t\t<div class=\"elementor-element elementor-element-6019265 elementor-widget elementor-widget-heading\" data-id=\"6019265\" data-element_type=\"widget\" data-widget_type=\"heading.default\">\n\t\t\t\t<div class=\"elementor-widget-container\">\n\t\t\t\t\t<h1 class=\"elementor-heading-title elementor-size-default\">Aviso legal<\/h1>\t\t\t\t<\/div>\n\t\t\t\t<\/div>\n\t\t\t\t<div class=\"elementor-element elementor-element-eef3664 elementor-widget elementor-widget-text-editor\" data-id=\"eef3664\" data-element_type=\"widget\" data-widget_type=\"text-editor.default\">\n\t\t\t\t<div class=\"elementor-widget-container\">\n\t\t\t\t\t\t\t\t\t<p style=\"text-align: center;\">O nosso aconselhamento jur\u00eddico aplica-se a todos os websites da CIB ligados a esta marca, bem como \u00e0s p\u00e1ginas do CIB no Xing,\n Youtube e LinkedIn.\u00a0<\/p>\t\t\t\t\t\t\t\t<\/div>\n\t\t\t\t<\/div>\n\t\t\t\t\t<\/div>\n\t\t<\/div>\n\t\t\t\t\t<\/div>\n\t\t<\/section>\n\t\t\t\t<section class=\"elementor-section elementor-top-section elementor-element elementor-element-e7b7fb1 elementor-section-boxed elementor-section-height-default elementor-section-height-default\" data-id=\"e7b7fb1\" data-element_type=\"section\" data-settings=\"{&quot;background_background&quot;:&quot;classic&quot;}\">\n\t\t\t\t\t\t<div class=\"elementor-container elementor-column-gap-default\">\n\t\t\t\t\t<div class=\"elementor-column elementor-col-50 elementor-top-column elementor-element elementor-element-627ad87\" data-id=\"627ad87\" data-element_type=\"column\" data-settings=\"{&quot;background_background&quot;:&quot;classic&quot;}\">\n\t\t\t<div class=\"elementor-widget-wrap elementor-element-populated\">\n\t\t\t\t\t<div class=\"elementor-background-overlay\"><\/div>\n\t\t\t\t\t\t<div class=\"elementor-element elementor-element-668115c elementor-align-start elementor-icon-list--layout-traditional elementor-list-item-link-full_width elementor-widget elementor-widget-icon-list\" data-id=\"668115c\" data-element_type=\"widget\" data-widget_type=\"icon-list.default\">\n\t\t\t\t<div class=\"elementor-widget-container\">\n\t\t\t\t\t\t\t<ul class=\"elementor-icon-list-items\">\n\t\t\t\t\t\t\t<li class=\"elementor-icon-list-item\">\n\t\t\t\t\t\t\t\t\t\t<span class=\"elementor-icon-list-text\">CIB software GmbH<\/span>\n\t\t\t\t\t\t\t\t\t<\/li>\n\t\t\t\t\t\t<\/ul>\n\t\t\t\t\t\t<\/div>\n\t\t\t\t<\/div>\n\t\t\t\t<div class=\"elementor-element elementor-element-0198554 elementor-widget elementor-widget-text-editor\" data-id=\"0198554\" data-element_type=\"widget\" data-widget_type=\"text-editor.default\">\n\t\t\t\t<div class=\"elementor-widget-container\">\n\t\t\t\t\t\t\t\t\t<p>Elektrastra\u00dfe 6a<br \/>D-81925 Munique<\/p>\t\t\t\t\t\t\t\t<\/div>\n\t\t\t\t<\/div>\n\t\t\t\t<div class=\"elementor-element elementor-element-0fb3786 elementor-widget elementor-widget-text-editor\" data-id=\"0fb3786\" data-element_type=\"widget\" data-widget_type=\"text-editor.default\">\n\t\t\t\t<div class=\"elementor-widget-container\">\n\t\t\t\t\t\t\t\t\t<p>Representantes:<\/p>\n<p>Antje Bauer, Georg Hatzelmann<\/p>\t\t\t\t\t\t\t\t<\/div>\n\t\t\t\t<\/div>\n\t\t\t\t<div class=\"elementor-element elementor-element-744d861 elementor-widget elementor-widget-text-editor\" data-id=\"744d861\" data-element_type=\"widget\" data-widget_type=\"text-editor.default\">\n\t\t\t\t<div class=\"elementor-widget-container\">\n\t\t\t\t\t\t\t\t\t<p>Tel: +49 89 143 60 \u2013 0<\/p><p>E-Mail: <a href=\"mailto:info@cib.de\"><span style=\"text-decoration: underline;\">info@cib.de<\/span><\/a> ou <span style=\"text-decoration: underline;\"><a href=\"mailto:support@cib.de\">support@cib.de<\/a><\/span><\/p>\t\t\t\t\t\t\t\t<\/div>\n\t\t\t\t<\/div>\n\t\t\t\t<div class=\"elementor-element elementor-element-00cbce1 elementor-widget elementor-widget-text-editor\" data-id=\"00cbce1\" data-element_type=\"widget\" data-widget_type=\"text-editor.default\">\n\t\t\t\t<div class=\"elementor-widget-container\">\n\t\t\t\t\t\t\t\t\t<p class=\"translation-block\">A pessoal respons\u00e1vel pelo conte\u00fado deste site, de acordo com o \u00a7 5 TMG e o \u00a7 18 Abs. 2 MStV, \u00e9: Antje Bauer; CIB software GmbH, Elektrastra\u00dfe 6a, D-81925 Munique<\/p>\t\t\t\t\t\t\t\t<\/div>\n\t\t\t\t<\/div>\n\t\t\t\t\t<\/div>\n\t\t<\/div>\n\t\t\t\t<div class=\"elementor-column elementor-col-50 elementor-top-column elementor-element elementor-element-213c0c0\" data-id=\"213c0c0\" data-element_type=\"column\" data-settings=\"{&quot;background_background&quot;:&quot;classic&quot;}\">\n\t\t\t<div class=\"elementor-widget-wrap elementor-element-populated\">\n\t\t\t\t\t<div class=\"elementor-background-overlay\"><\/div>\n\t\t\t\t\t\t<div class=\"elementor-element elementor-element-d7ccf7f elementor-align-start elementor-icon-list--layout-traditional elementor-list-item-link-full_width elementor-widget elementor-widget-icon-list\" data-id=\"d7ccf7f\" data-element_type=\"widget\" data-widget_type=\"icon-list.default\">\n\t\t\t\t<div class=\"elementor-widget-container\">\n\t\t\t\t\t\t\t<ul class=\"elementor-icon-list-items\">\n\t\t\t\t\t\t\t<li class=\"elementor-icon-list-item\">\n\t\t\t\t\t\t\t\t\t\t<span class=\"elementor-icon-list-text\">N\u00famero de identifica\u00e7\u00e3o fiscal:<\/span>\n\t\t\t\t\t\t\t\t\t<\/li>\n\t\t\t\t\t\t<\/ul>\n\t\t\t\t\t\t<\/div>\n\t\t\t\t<\/div>\n\t\t\t\t<div class=\"elementor-element elementor-element-fdc4b1c elementor-widget elementor-widget-heading\" data-id=\"fdc4b1c\" data-element_type=\"widget\" data-widget_type=\"heading.default\">\n\t\t\t\t<div class=\"elementor-widget-container\">\n\t\t\t\t\t<p class=\"elementor-heading-title elementor-size-default\"><a href=\"\/pt\/suporte\/\">DE 201 280 686<\/a><\/p>\t\t\t\t<\/div>\n\t\t\t\t<\/div>\n\t\t\t\t<div class=\"elementor-element elementor-element-e5bec56 elementor-align-start elementor-icon-list--layout-traditional elementor-list-item-link-full_width elementor-widget elementor-widget-icon-list\" data-id=\"e5bec56\" data-element_type=\"widget\" data-widget_type=\"icon-list.default\">\n\t\t\t\t<div class=\"elementor-widget-container\">\n\t\t\t\t\t\t\t<ul class=\"elementor-icon-list-items\">\n\t\t\t\t\t\t\t<li class=\"elementor-icon-list-item\">\n\t\t\t\t\t\t\t\t\t\t<span class=\"elementor-icon-list-text\">Tribunal de registo de Munique<\/span>\n\t\t\t\t\t\t\t\t\t<\/li>\n\t\t\t\t\t\t<\/ul>\n\t\t\t\t\t\t<\/div>\n\t\t\t\t<\/div>\n\t\t\t\t<div class=\"elementor-element elementor-element-b863120 elementor-widget elementor-widget-heading\" data-id=\"b863120\" data-element_type=\"widget\" data-widget_type=\"heading.default\">\n\t\t\t\t<div class=\"elementor-widget-container\">\n\t\t\t\t\t<p class=\"elementor-heading-title elementor-size-default\"><a href=\"\/pt\/suporte\/\">HRB 123286<\/a><\/p>\t\t\t\t<\/div>\n\t\t\t\t<\/div>\n\t\t\t\t<div class=\"elementor-element elementor-element-2e9c0d1 elementor-align-start elementor-icon-list--layout-traditional elementor-list-item-link-full_width elementor-widget elementor-widget-icon-list\" data-id=\"2e9c0d1\" data-element_type=\"widget\" data-widget_type=\"icon-list.default\">\n\t\t\t\t<div class=\"elementor-widget-container\">\n\t\t\t\t\t\t\t<ul class=\"elementor-icon-list-items\">\n\t\t\t\t\t\t\t<li class=\"elementor-icon-list-item\">\n\t\t\t\t\t\t\t\t\t\t<span class=\"elementor-icon-list-text\">N\u00famero D-U-N-S\u00ae:<\/span>\n\t\t\t\t\t\t\t\t\t<\/li>\n\t\t\t\t\t\t<\/ul>\n\t\t\t\t\t\t<\/div>\n\t\t\t\t<\/div>\n\t\t\t\t<div class=\"elementor-element elementor-element-63efe9f elementor-widget elementor-widget-heading\" data-id=\"63efe9f\" data-element_type=\"widget\" data-widget_type=\"heading.default\">\n\t\t\t\t<div class=\"elementor-widget-container\">\n\t\t\t\t\t<p class=\"elementor-heading-title elementor-size-default\"><a href=\"\/pt\/suporte\/\">315792585<\/a><\/p>\t\t\t\t<\/div>\n\t\t\t\t<\/div>\n\t\t\t\t\t<\/div>\n\t\t<\/div>\n\t\t\t\t\t<\/div>\n\t\t<\/section>\n\t\t\t\t<section class=\"elementor-section elementor-top-section elementor-element elementor-element-df8c217 elementor-section-boxed elementor-section-height-default elementor-section-height-default\" data-id=\"df8c217\" data-element_type=\"section\" data-settings=\"{&quot;background_background&quot;:&quot;classic&quot;}\">\n\t\t\t\t\t\t<div class=\"elementor-container elementor-column-gap-default\">\n\t\t\t\t\t<div class=\"elementor-column elementor-col-100 elementor-top-column elementor-element elementor-element-0bc6f49\" data-id=\"0bc6f49\" data-element_type=\"column\">\n\t\t\t<div class=\"elementor-widget-wrap elementor-element-populated\">\n\t\t\t\t\t\t<section class=\"elementor-section elementor-inner-section elementor-element elementor-element-9324e95 elementor-section-boxed elementor-section-height-default elementor-section-height-default\" data-id=\"9324e95\" data-element_type=\"section\">\n\t\t\t\t\t\t<div class=\"elementor-container elementor-column-gap-default\">\n\t\t\t\t\t<div class=\"elementor-column elementor-col-100 elementor-inner-column elementor-element elementor-element-862a2a4\" data-id=\"862a2a4\" data-element_type=\"column\">\n\t\t\t<div class=\"elementor-widget-wrap elementor-element-populated\">\n\t\t\t\t\t\t<div class=\"elementor-element elementor-element-340d949 elementor-align-start elementor-icon-list--layout-traditional elementor-list-item-link-full_width elementor-widget elementor-widget-icon-list\" data-id=\"340d949\" data-element_type=\"widget\" data-widget_type=\"icon-list.default\">\n\t\t\t\t<div class=\"elementor-widget-container\">\n\t\t\t\t\t\t\t<ul class=\"elementor-icon-list-items\">\n\t\t\t\t\t\t\t<li class=\"elementor-icon-list-item\">\n\t\t\t\t\t\t\t\t\t\t<span class=\"elementor-icon-list-text\">Observa\u00e7\u00e3o:<\/span>\n\t\t\t\t\t\t\t\t\t<\/li>\n\t\t\t\t\t\t<\/ul>\n\t\t\t\t\t\t<\/div>\n\t\t\t\t<\/div>\n\t\t\t\t<div class=\"elementor-element elementor-element-d7af2b7 elementor-widget elementor-widget-text-editor\" data-id=\"d7af2b7\" data-element_type=\"widget\" data-widget_type=\"text-editor.default\">\n\t\t\t\t<div class=\"elementor-widget-container\">\n\t\t\t\t\t\t\t\t\t<p class=\"translation-block\">A Comiss\u00e3o Europeia oferece a possibilidade de resolu\u00e7\u00e3o de lit\u00edgios online numa plataforma online por ela operada. Esta plataforma pode ser acedida atrav\u00e9s do link externo <a href=\"https:\/\/ec.europa.eu\/consumers\/odr\/\" target=\"_self\">https:\/\/ec.europa.eu\/consumers\/odr\/<\/a> .\nN\u00f3s n\u00e3o somos obrigados a participar num processo de media\u00e7\u00e3o e, infelizmente, n\u00e3o podemos oferecer a participa\u00e7\u00e3o num processo deste tipo.<\/p><p>Apesar do controlo cuidadoso dos conte\u00fados, n\u00e3o assumimos qualquer responsabilidade pelos conte\u00fados de links externos. Os operadores das p\u00e1ginas vinculadas s\u00e3o os \u00fanicos respons\u00e1veis pelo seu conte\u00fado.\u00a0<\/p>\t\t\t\t\t\t\t\t<\/div>\n\t\t\t\t<\/div>\n\t\t\t\t\t<\/div>\n\t\t<\/div>\n\t\t\t\t\t<\/div>\n\t\t<\/section>\n\t\t\t\t\t<\/div>\n\t\t<\/div>\n\t\t\t\t\t<\/div>\n\t\t<\/section>\n\t\t\t\t<section class=\"elementor-section elementor-top-section elementor-element elementor-element-a71f5ff elementor-section-boxed elementor-section-height-default elementor-section-height-default\" data-id=\"a71f5ff\" data-element_type=\"section\" data-settings=\"{&quot;background_background&quot;:&quot;classic&quot;}\">\n\t\t\t\t\t\t\t<div class=\"elementor-background-overlay\"><\/div>\n\t\t\t\t\t\t\t<div class=\"elementor-container elementor-column-gap-default\">\n\t\t\t\t\t<div class=\"elementor-column elementor-col-100 elementor-top-column elementor-element elementor-element-23d2565\" data-id=\"23d2565\" data-element_type=\"column\">\n\t\t\t<div class=\"elementor-widget-wrap elementor-element-populated\">\n\t\t\t\t\t\t<div class=\"elementor-element elementor-element-41610f8 elementor-widget elementor-widget-heading\" data-id=\"41610f8\" data-element_type=\"widget\" data-widget_type=\"heading.default\">\n\t\t\t\t<div class=\"elementor-widget-container\">\n\t\t\t\t\t<h2 class=\"elementor-heading-title elementor-size-default\">A transforma\u00e7\u00e3o digital \u00e9 hoje!<\/h2>\t\t\t\t<\/div>\n\t\t\t\t<\/div>\n\t\t\t\t<div class=\"elementor-element elementor-element-b7ac8ba elementor-align-center elementor-widget elementor-widget-button\" data-id=\"b7ac8ba\" data-element_type=\"widget\" data-widget_type=\"button.default\">\n\t\t\t\t<div class=\"elementor-widget-container\">\n\t\t\t\t\t\t\t\t\t<div class=\"elementor-button-wrapper\">\n\t\t\t\t\t<a class=\"elementor-button elementor-button-link elementor-size-sm\" href=\"\/pt\/contact\/\">\n\t\t\t\t\t\t<span class=\"elementor-button-content-wrapper\">\n\t\t\t\t\t\t\t\t\t<span class=\"elementor-button-text\">Contacte-nos<\/span>\n\t\t\t\t\t<\/span>\n\t\t\t\t\t<\/a>\n\t\t\t\t<\/div>\n\t\t\t\t\t\t\t\t<\/div>\n\t\t\t\t<\/div>\n\t\t\t\t\t<\/div>\n\t\t<\/div>\n\t\t\t\t\t<\/div>\n\t\t<\/section>\n\t\t\t\t<\/div>","protected":false},"excerpt":{"rendered":"<p>Impressum Unser Impressum gilt f\u00fcr alle CIB-Webseiten, die auf dieses Impressum verlinkt sind, sowie f\u00fcr unsere Konten auf Xing, Youtube und LinkedIn.\u00a0 CIB software GmbH Elektrastra\u00dfe 6aD-81925 M\u00fcnchen Vertretungsberechtigt: Antje Bauer, Georg Hatzelmann Tel: +49 89 143 60 &#8211; 0 E-Mail: info@cib.de oder support@cib.de Verantwortlich f\u00fcr den Inhalt dieser Webseite gem\u00e4\u00df \u00a7 5 TMG und &#8230; <a title=\"Aviso legal\" class=\"read-more\" href=\"https:\/\/cibtestawsls.cib.de\/pt\/legal-advice\/\" aria-label=\"Leia mais sobre Impressum\">Ler mais<\/a><\/p>","protected":false},"author":246,"featured_media":0,"parent":0,"menu_order":0,"comment_status":"closed","ping_status":"closed","template":"","meta":{"_acf_changed":false,"footnotes":""},"categories":[2041],"class_list":{"0":"post-31550","1":"page","2":"type-page","3":"status-publish","5":"category-legal-p"},"acf":[],"yoast_head":"<!-- This site is optimized with the Yoast SEO plugin v27.3 - https:\/\/yoast.com\/product\/yoast-seo-wordpress\/ -->\n<title>Impressum - CIB Group<\/title>\n<meta name=\"robots\" content=\"noindex, nofollow\" \/>\n<meta property=\"og:locale\" content=\"pt_PT\" \/>\n<meta property=\"og:type\" content=\"article\" \/>\n<meta property=\"og:title\" content=\"Impressum - CIB Group\" \/>\n<meta property=\"og:description\" content=\"Impressum Unser Impressum gilt f\u00fcr alle CIB-Webseiten, die auf dieses Impressum verlinkt sind, sowie f\u00fcr unsere Konten auf Xing, Youtube und LinkedIn.\u00a0 CIB software GmbH Elektrastra\u00dfe 6aD-81925 M\u00fcnchen Vertretungsberechtigt: Antje Bauer, Georg Hatzelmann Tel: +49 89 143 60 &#8211; 0 E-Mail: info@cib.de oder support@cib.de Verantwortlich f\u00fcr den Inhalt dieser Webseite gem\u00e4\u00df \u00a7 5 TMG und ... Ler mais\" \/>\n<meta property=\"og:url\" content=\"https:\/\/www.cib.de\/impressum\/\" \/>\n<meta property=\"og:site_name\" content=\"CIB Group\" \/>\n<meta property=\"article:modified_time\" content=\"2025-10-01T13:59:47+00:00\" \/>\n<meta name=\"twitter:card\" content=\"summary_large_image\" \/>\n<meta name=\"twitter:label1\" content=\"Tempo estimado de leitura\" \/>\n\t<meta name=\"twitter:data1\" content=\"1 minuto\" \/>\n<script type=\"application\/ld+json\" class=\"yoast-schema-graph\">{\"@context\":\"https:\\\/\\\/schema.org\",\"@graph\":[{\"@type\":\"WebPage\",\"@id\":\"https:\\\/\\\/www.cib.de\\\/impressum\\\/\",\"url\":\"https:\\\/\\\/www.cib.de\\\/impressum\\\/\",\"name\":\"Impressum - CIB Group\",\"isPartOf\":{\"@id\":\"https:\\\/\\\/cibtestawsls.cib.de\\\/#website\"},\"datePublished\":\"2021-05-28T13:28:01+00:00\",\"dateModified\":\"2025-10-01T13:59:47+00:00\",\"breadcrumb\":{\"@id\":\"https:\\\/\\\/www.cib.de\\\/impressum\\\/#breadcrumb\"},\"inLanguage\":\"pt-PT\",\"potentialAction\":[{\"@type\":\"ReadAction\",\"target\":[\"https:\\\/\\\/www.cib.de\\\/impressum\\\/\"]}]},{\"@type\":\"BreadcrumbList\",\"@id\":\"https:\\\/\\\/www.cib.de\\\/impressum\\\/#breadcrumb\",\"itemListElement\":[{\"@type\":\"ListItem\",\"position\":1,\"name\":\"Home\",\"item\":\"https:\\\/\\\/cibtestawsls.cib.de\\\/\"},{\"@type\":\"ListItem\",\"position\":2,\"name\":\"Impressum\"}]},{\"@type\":\"WebSite\",\"@id\":\"https:\\\/\\\/cibtestawsls.cib.de\\\/#website\",\"url\":\"https:\\\/\\\/cibtestawsls.cib.de\\\/\",\"name\":\"CIB Group\",\"description\":\"Digitalisierung, Prozessautomatisierung, K\u00fcnstliche Intelligenz\",\"potentialAction\":[{\"@type\":\"SearchAction\",\"target\":{\"@type\":\"EntryPoint\",\"urlTemplate\":\"https:\\\/\\\/cibtestawsls.cib.de\\\/?s={search_term_string}\"},\"query-input\":{\"@type\":\"PropertyValueSpecification\",\"valueRequired\":true,\"valueName\":\"search_term_string\"}}],\"inLanguage\":\"pt-PT\"}]}<\/script>\n<!-- \/ Yoast SEO plugin. -->","yoast_head_json":{"title":"Impressum - CIB Group","robots":{"index":"noindex","follow":"nofollow"},"og_locale":"pt_PT","og_type":"article","og_title":"Impressum - CIB Group","og_description":"Impressum Unser Impressum gilt f\u00fcr alle CIB-Webseiten, die auf dieses Impressum verlinkt sind, sowie f\u00fcr unsere Konten auf Xing, Youtube und LinkedIn.\u00a0 CIB software GmbH Elektrastra\u00dfe 6aD-81925 M\u00fcnchen Vertretungsberechtigt: Antje Bauer, Georg Hatzelmann Tel: +49 89 143 60 &#8211; 0 E-Mail: info@cib.de oder support@cib.de Verantwortlich f\u00fcr den Inhalt dieser Webseite gem\u00e4\u00df \u00a7 5 TMG und ... Ler mais","og_url":"https:\/\/www.cib.de\/impressum\/","og_site_name":"CIB Group","article_modified_time":"2025-10-01T13:59:47+00:00","twitter_card":"summary_large_image","twitter_misc":{"Tempo estimado de leitura":"1 minuto"},"schema":{"@context":"https:\/\/schema.org","@graph":[{"@type":"WebPage","@id":"https:\/\/www.cib.de\/impressum\/","url":"https:\/\/www.cib.de\/impressum\/","name":"Impressum - CIB Group","isPartOf":{"@id":"https:\/\/cibtestawsls.cib.de\/#website"},"datePublished":"2021-05-28T13:28:01+00:00","dateModified":"2025-10-01T13:59:47+00:00","breadcrumb":{"@id":"https:\/\/www.cib.de\/impressum\/#breadcrumb"},"inLanguage":"pt-PT","potentialAction":[{"@type":"ReadAction","target":["https:\/\/www.cib.de\/impressum\/"]}]},{"@type":"BreadcrumbList","@id":"https:\/\/www.cib.de\/impressum\/#breadcrumb","itemListElement":[{"@type":"ListItem","position":1,"name":"Home","item":"https:\/\/cibtestawsls.cib.de\/"},{"@type":"ListItem","position":2,"name":"Impressum"}]},{"@type":"WebSite","@id":"https:\/\/cibtestawsls.cib.de\/#website","url":"https:\/\/cibtestawsls.cib.de\/","name":"CIB Group","description":"Digitalisierung, Prozessautomatisierung, K\u00fcnstliche Intelligenz","potentialAction":[{"@type":"SearchAction","target":{"@type":"EntryPoint","urlTemplate":"https:\/\/cibtestawsls.cib.de\/?s={search_term_string}"},"query-input":{"@type":"PropertyValueSpecification","valueRequired":true,"valueName":"search_term_string"}}],"inLanguage":"pt-PT"}]}},"post_mailing_queue_ids":[],"_links":{"self":[{"href":"https:\/\/cibtestawsls.cib.de\/pt\/wp-json\/wp\/v2\/pages\/31550","targetHints":{"allow":["GET"]}}],"collection":[{"href":"https:\/\/cibtestawsls.cib.de\/pt\/wp-json\/wp\/v2\/pages"}],"about":[{"href":"https:\/\/cibtestawsls.cib.de\/pt\/wp-json\/wp\/v2\/types\/page"}],"author":[{"embeddable":true,"href":"https:\/\/cibtestawsls.cib.de\/pt\/wp-json\/wp\/v2\/users\/246"}],"replies":[{"embeddable":true,"href":"https:\/\/cibtestawsls.cib.de\/pt\/wp-json\/wp\/v2\/comments?post=31550"}],"version-history":[{"count":152,"href":"https:\/\/cibtestawsls.cib.de\/pt\/wp-json\/wp\/v2\/pages\/31550\/revisions"}],"predecessor-version":[{"id":130265,"href":"https:\/\/cibtestawsls.cib.de\/pt\/wp-json\/wp\/v2\/pages\/31550\/revisions\/130265"}],"wp:attachment":[{"href":"https:\/\/cibtestawsls.cib.de\/pt\/wp-json\/wp\/v2\/media?parent=31550"}],"wp:term":[{"taxonomy":"category","embeddable":true,"href":"https:\/\/cibtestawsls.cib.de\/pt\/wp-json\/wp\/v2\/categories?post=31550"}],"curies":[{"name":"wp","href":"https:\/\/api.w.org\/{rel}","templated":true}]}}